{"id":638,"date":"2016-05-31T14:21:00","date_gmt":"2016-05-31T12:21:00","guid":{"rendered":"http:\/\/vm-bioinfo-wp.toulouse.inra.fr\/?page_id=638"},"modified":"2016-07-11T11:10:24","modified_gmt":"2016-07-11T09:10:24","slug":"cite_us_faq","status":"publish","type":"page","link":"https:\/\/vm-bioinfo-wp.toulouse.inrae.fr\/genotoul_test_update\/index.php\/faq\/cite_us_faq\/","title":{"rendered":"Cite us"},"content":{"rendered":"\t\t\t\t\t\t<style>\r\n\t\t\t\t\t#wpsm_accordion_655 .wpsm_panel-heading{\r\npadding:0px !important;\r\n}\r\n#wpsm_accordion_655 .wpsm_panel-title {\r\nmargin:0px !important; \r\ntext-transform:none !important;\r\nline-height: 1 !important;\r\n}\r\n#wpsm_accordion_655 .wpsm_panel-title a{\r\ntext-decoration:none;\r\ncolor:#000000 !important;\r\nfont-size:14px !important;\r\ndisplay:block;\r\npadding:0px;\r\nfont-family: Sans !important;\r\npadding-top: 10px;\r\npadding-bottom: 10px;\r\nborder-bottom:1px solid  #ddd !important;\r\n\r\n}\r\n#wpsm_accordion_655 .wpsm_panel-title a:hover,#wpsm_accordion_655 .wpsm_panel-title a:visited, #wpsm_accordion_655 .wpsm_panel-title a:focus {\r\n\tcolor:#000000 !important;\r\n}\r\n#wpsm_accordion_655 .acc-a{\r\n\tcolor: #000000 !important;\r\n\tbackground-color:#ffffff !important;\r\n\tborder-color: #ddd;\r\n}\r\n#wpsm_accordion_655 .wpsm_panel-default > .wpsm_panel-heading{\r\n\tcolor: #000000 !important;\r\n\tbackground-color: #ffffff !important;\r\n\tborder-color: #ffffff !important;\r\n\tborder-top-left-radius: 0px;\r\n\tborder-top-right-radius: 0px;\r\n}\r\n#wpsm_accordion_655 .wpsm_panel-default {\r\n\t\r\n\tborder:1px solid transparent !important;\r\n\r\n\t}\r\n#wpsm_accordion_655 {\r\n\tmargin-bottom: 20px;\r\n\toverflow: hidden;\r\n\tfloat: left;\r\n\twidth: 100%;\r\n\tdisplay: block;\r\n}\r\n#wpsm_accordion_655 .ac_title_class{\r\n\tdisplay: inline-block;\r\n    padding-top: 5px;\r\n    padding-bottom: 5px;\r\n    padding-left: 13px;\r\n    padding-right: 10px;\r\n    border: 0px solid #ddd;\r\n\tfont-size:14px !important;\r\nfont-family: Sans !important;\r\n\t\r\n\r\n}\r\n#wpsm_accordion_655  .wpsm_panel {\r\n\toverflow:hidden;\r\n\t-webkit-box-shadow: 0 0px 0px rgba(0, 0, 0, .05);\r\n\tbox-shadow: 0 0px 0px rgba(0, 0, 0, .05);\r\n\t\r\n\t\tborder-radius: 4px;\r\n\t}\r\n#wpsm_accordion_655  .wpsm_panel + .wpsm_panel {\r\n\t\tmargin-top: 5px;\r\n\t}\r\n#wpsm_accordion_655  .wpsm_panel-body{\r\nbackground-color:#ffffff !important;\r\ncolor:#000000 !important;\r\nborder-top-color: #ffffff !important;\r\nfont-size:12px !important;\r\nfont-family: Sans !important;\r\noverflow: hidden;\r\n\r\nborder: 0px solid #ddd !important;\r\n\r\nborder-top:0px !important;\r\npadding-left: 60px;\r\n}\r\n\r\n#wpsm_accordion_655 .ac_open_cl_icon{\r\n\tbackground-color:#ffffff;\r\n\tcolor: #ba195c;\r\n\t\r\n     padding-top: 5px; \r\n     padding-bottom: 5px; \r\n\t margin-left:10px;\r\n    line-height: 1.0;\r\n    font-size:14px !important;\r\ntext-align: center !important;\r\n     width: 32px !important;\r\n    display: inline-block;\r\n\t\r\n\t\r\n}\r\n#wpsm_accordion_655 .ac_open_cl_number{\r\n width: 25px !important;\r\n    display: inline-block;\r\n\t margin-left:10px;\r\n\t text-align: center !important;\r\n\t font-size:14px !important;\r\n\r\n}\r\n\r\n\t\t\t\t#wpsm_accordion_655 .wpsm_panel-heading {\r\n\t\t\t\tbackground-image: url(https:\/\/vm-bioinfo-wp.toulouse.inrae.fr\/genotoul_test_update\/wp-content\/plugins\/faq-responsive\/assets\/images\/style-noise.png);\r\n\t\t\t\tbackground-position: 0 0;\r\n\t\t\t\tbackground-repeat: repeat-x;\r\n\t\t\t\t}\r\n\t\t\t\t#wpsm_accordion_655 .ac_open_cl_icon{\r\n\t\t\t\tbackground-image: url(https:\/\/vm-bioinfo-wp.toulouse.inrae.fr\/genotoul_test_update\/wp-content\/plugins\/faq-responsive\/assets\/images\/style-noise.png);\r\n\t\t\t\tbackground-position: 0 0;\r\n\t\t\t\tbackground-repeat: repeat-x;\r\n\t\t\t\t}\r\n\t\t\t\t\r\n.entry h4 span {\r\n\r\ncolor: #ba195c;\r\n\r\n}\t\t\t\t\t\r\n\t\t\t<\/style>\r\n\t\t\t<div class=\"wpsm_panel-group\" id=\"wpsm_accordion_655\" >\r\n\t\t\t\t\r\n\t\t\t\t\t\t\r\n\t\t\t\t  <!-- Inner panel Start -->\r\n\t\t\t\t  <div class=\"wpsm_panel wpsm_panel-default\">\r\n\t\t\t\t\t<div class=\"wpsm_panel-heading\" role=\"tab\" >\r\n\t\t\t\t\t  <h4 class=\"wpsm_panel-title\">\r\n\t\t\t\t\t\t<a  class=\"\"  data-toggle=\"collapse\" data-parent=\"#wpsm_accordion_655 \" href=\"#ac_655_collapse1\"  >\r\n\t\t\t\t\t\t\t\t\t\t\t\t\t\t\t<span  class=\"ac_open_cl_icon fa fa-plus\"><\/span>\r\n\t\t\t\t\t\t\t\t\t\t\t\t\t\t\t\t\t\t\t\t\t<span class=\"ac_title_class\">\r\n\t\t\t\t\t\t\t\tHow to cite the Genotoul Bio-informatic platform in your publications?\t\t\t\t\t\t\t<\/span>\r\n\t\t\t\t\t\t<\/a>\r\n\t\t\t\t\t  <\/h4>\r\n\t\t\t\t\t<\/div>\r\n\t\t\t\t\t<div id=\"ac_655_collapse1\" class=\"wpsm_panel-collapse collapse_655 collapse \"  >\r\n\t\t\t\t\t  <div class=\"wpsm_panel-body\">\r\n\t\t\t\t\t\t<ul>\r\n\t<li><strong>Research teams<\/strong> can thank the Toulouse Occitanie bioinformatics platform , using in their publications the following sentence :\u00a0<\/li>\r\n<\/ul>\r\n<p>\"We are grateful to the genotoul bioinformatics platform Toulouse Occitanie (Bioinfo Genotoul, https:\/\/doi.org\/10.15454\/1.5572369328961167E12) for providing help and\/or computing and\/or storage resources\".<\/p>\r\n<ul>\r\n\t<li>In cases of <strong>collaboration<\/strong>, you can directly quote the person who participated to the project :<\/li>\r\n<\/ul>\r\n<p>Name, Universit\u00e9 F\u00e9d\u00e9rale de Toulouse, INRAE, MIAT, Auzeville, CS 52627, 31326 Castanet Tolosan cedex.<\/p>\r\nand\r\n<p>Name, Universit\u00e9 F\u00e9d\u00e9rale de Toulouse, INRAE, BioinfOmics, GenoToul Bioinformatics facility, 31326, Castanet-Tolosan, France\r\n<\/p>\t\t\t\t\t  <\/div>\r\n\t\t\t\t\t<\/div>\r\n\t\t\t\t  <\/div>\r\n\t\t\t\t   <!-- Inner panel End -->\r\n\t\t\t\t\r\n\t\t\t\t\t\t\r\n\t\t\t\t  <!-- Inner panel Start -->\r\n\t\t\t\t  <div class=\"wpsm_panel wpsm_panel-default\">\r\n\t\t\t\t\t<div class=\"wpsm_panel-heading\" role=\"tab\" >\r\n\t\t\t\t\t  <h4 class=\"wpsm_panel-title\">\r\n\t\t\t\t\t\t<a  class=\"collapsed\"  data-toggle=\"collapse\" data-parent=\"#wpsm_accordion_655 \" href=\"#ac_655_collapse2\"  >\r\n\t\t\t\t\t\t\t\t\t\t\t\t\t\t\t<span  class=\"ac_open_cl_icon fa fa-plus\"><\/span>\r\n\t\t\t\t\t\t\t\t\t\t\t\t\t\t\t\t\t\t\t\t\t<span class=\"ac_title_class\">\r\n\t\t\t\t\t\t\t\tWhere can I find the platforms' publications?\t\t\t\t\t\t\t<\/span>\r\n\t\t\t\t\t\t<\/a>\r\n\t\t\t\t\t  <\/h4>\r\n\t\t\t\t\t<\/div>\r\n\t\t\t\t\t<div id=\"ac_655_collapse2\" class=\"wpsm_panel-collapse collapse_655 collapse \"  >\r\n\t\t\t\t\t  <div class=\"wpsm_panel-body\">\r\n\t\t\t\t\t\t<p>You can find them following this <a class=\"internal-link\" href=\"https:\/\/vm-bioinfo-wp.toulouse.inrae.fr\/genotoul_test_update\/index.php\/about-us\/publications\/\">link<\/a>.<\/p>\t\t\t\t\t  <\/div>\r\n\t\t\t\t\t<\/div>\r\n\t\t\t\t  <\/div>\r\n\t\t\t\t   <!-- Inner panel End -->\r\n\t\t\t\t\r\n\t\t\t\t\t\t\r\n\t\t\t\t  <!-- Inner panel Start -->\r\n\t\t\t\t  <div class=\"wpsm_panel wpsm_panel-default\">\r\n\t\t\t\t\t<div class=\"wpsm_panel-heading\" role=\"tab\" >\r\n\t\t\t\t\t  <h4 class=\"wpsm_panel-title\">\r\n\t\t\t\t\t\t<a  class=\"collapsed\"  data-toggle=\"collapse\" data-parent=\"#wpsm_accordion_655 \" href=\"#ac_655_collapse3\"  >\r\n\t\t\t\t\t\t\t\t\t\t\t\t\t\t\t<span  class=\"ac_open_cl_icon fa fa-plus\"><\/span>\r\n\t\t\t\t\t\t\t\t\t\t\t\t\t\t\t\t\t\t\t\t\t<span class=\"ac_title_class\">\r\n\t\t\t\t\t\t\t\tWhere can I find the logo ?\t\t\t\t\t\t\t<\/span>\r\n\t\t\t\t\t\t<\/a>\r\n\t\t\t\t\t  <\/h4>\r\n\t\t\t\t\t<\/div>\r\n\t\t\t\t\t<div id=\"ac_655_collapse3\" class=\"wpsm_panel-collapse collapse_655 collapse \"  >\r\n\t\t\t\t\t  <div class=\"wpsm_panel-body\">\r\n\t\t\t\t\t\tThe platform log is available here : \r\n<ul>\r\n\r\n\t<li><a href=\"https:\/\/vm-bioinfo-wp.toulouse.inrae.fr\/genotoul_test_update\/wp-content\/uploads\/bioinfo_logo-blanc.png\">Blanc<\/a><\/li>\r\n\r\n\t<li><a href=\"https:\/\/vm-bioinfo-wp.toulouse.inrae.fr\/genotoul_test_update\/wp-content\/uploads\/bioinfo_logo-noir.png\">Noir<\/a><\/li>\r\n\r\n\t<li><a href=\"https:\/\/vm-bioinfo-wp.toulouse.inrae.fr\/genotoul_test_update\/wp-content\/uploads\/bioinfo_logo-rvb.png\">RVB<\/a><\/li>\r\n\r\n\t<li><a href=\"https:\/\/vm-bioinfo-wp.toulouse.inrae.fr\/genotoul_test_update\/wp-content\/uploads\/bioinfo_logo-rvb-petit.png\">RVB petit<\/a><\/li>\r\n\r\n<\/ul>\r\n\r\n\t\t\t\t\t  <\/div>\r\n\t\t\t\t\t<\/div>\r\n\t\t\t\t  <\/div>\r\n\t\t\t\t   <!-- Inner panel End -->\r\n\t\t\t\t\r\n\t\t\t\t\t\t<\/div>\r\n\t\t\t\t<script>\r\n\tjQuery(document).ready(function() {\r\n\t\t\r\n\t\t\tjQuery('.collapse_655').on('shown.bs.collapse', function(){jQuery(this).parent().find(\".fa-plus\").removeClass(\"fa-minus\").addClass(\"fa-minus\"); jQuery(this).parent().find(\".wpsm_panel-heading\").addClass(\"acc-a\"); }).on('hidden.bs.collapse', function(){jQuery(this).parent().find(\".fa-minus\").removeClass(\"fa-minus\").addClass(\"fa-plus\"); jQuery(this).parent().find(\".wpsm_panel-heading\").removeClass(\"acc-a\");});\r\n\t\t\r\n\t\t});\r\n\t<\/script>\r\n\t\t\n","protected":false},"excerpt":{"rendered":"","protected":false},"author":5,"featured_media":0,"parent":848,"menu_order":9,"comment_status":"closed","ping_status":"closed","template":"page-templates\/child-menu.php","meta":[],"yoast_head":"<!-- This site is optimized with the Yoast SEO plugin v20.2 - https:\/\/yoast.com\/wordpress\/plugins\/seo\/ -->\n<title>Cite us - genotoul-bioinfo-UPDATE<\/title>\n<meta name=\"robots\" content=\"index, follow, max-snippet:-1, max-image-preview:large, max-video-preview:-1\" \/>\n<link rel=\"canonical\" href=\"https:\/\/vm-bioinfo-wp.toulouse.inrae.fr\/genotoul_test_update\/index.php\/faq\/cite_us_faq\/\" \/>\n<script type=\"application\/ld+json\" class=\"yoast-schema-graph\">{\"@context\":\"https:\/\/schema.org\",\"@graph\":[{\"@type\":\"WebPage\",\"@id\":\"https:\/\/vm-bioinfo-wp.toulouse.inrae.fr\/genotoul_test_update\/index.php\/faq\/cite_us_faq\/\",\"url\":\"https:\/\/vm-bioinfo-wp.toulouse.inrae.fr\/genotoul_test_update\/index.php\/faq\/cite_us_faq\/\",\"name\":\"Cite us - genotoul-bioinfo-UPDATE\",\"isPartOf\":{\"@id\":\"https:\/\/vm-bioinfo-wp.toulouse.inrae.fr\/genotoul_test_update\/#website\"},\"datePublished\":\"2016-05-31T12:21:00+00:00\",\"dateModified\":\"2016-07-11T09:10:24+00:00\",\"breadcrumb\":{\"@id\":\"https:\/\/vm-bioinfo-wp.toulouse.inrae.fr\/genotoul_test_update\/index.php\/faq\/cite_us_faq\/#breadcrumb\"},\"inLanguage\":\"en-US\",\"potentialAction\":[{\"@type\":\"ReadAction\",\"target\":[\"https:\/\/vm-bioinfo-wp.toulouse.inrae.fr\/genotoul_test_update\/index.php\/faq\/cite_us_faq\/\"]}]},{\"@type\":\"BreadcrumbList\",\"@id\":\"https:\/\/vm-bioinfo-wp.toulouse.inrae.fr\/genotoul_test_update\/index.php\/faq\/cite_us_faq\/#breadcrumb\",\"itemListElement\":[{\"@type\":\"ListItem\",\"position\":1,\"name\":\"Home\",\"item\":\"https:\/\/vm-bioinfo-wp.toulouse.inrae.fr\/genotoul_test_update\/\"},{\"@type\":\"ListItem\",\"position\":2,\"name\":\"FAQ\",\"item\":\"https:\/\/vm-bioinfo-wp.toulouse.inrae.fr\/genotoul_test_update\/index.php\/faq\/\"},{\"@type\":\"ListItem\",\"position\":3,\"name\":\"Cite us\"}]},{\"@type\":\"WebSite\",\"@id\":\"https:\/\/vm-bioinfo-wp.toulouse.inrae.fr\/genotoul_test_update\/#website\",\"url\":\"https:\/\/vm-bioinfo-wp.toulouse.inrae.fr\/genotoul_test_update\/\",\"name\":\"genotoul-bioinfo-UPDATE\",\"description\":\"\",\"publisher\":{\"@id\":\"https:\/\/vm-bioinfo-wp.toulouse.inrae.fr\/genotoul_test_update\/#organization\"},\"potentialAction\":[{\"@type\":\"SearchAction\",\"target\":{\"@type\":\"EntryPoint\",\"urlTemplate\":\"https:\/\/vm-bioinfo-wp.toulouse.inrae.fr\/genotoul_test_update\/?s={search_term_string}\"},\"query-input\":\"required name=search_term_string\"}],\"inLanguage\":\"en-US\"},{\"@type\":\"Organization\",\"@id\":\"https:\/\/vm-bioinfo-wp.toulouse.inrae.fr\/genotoul_test_update\/#organization\",\"name\":\"genotoul-bioinfo-UPDATE\",\"url\":\"https:\/\/vm-bioinfo-wp.toulouse.inrae.fr\/genotoul_test_update\/\",\"logo\":{\"@type\":\"ImageObject\",\"inLanguage\":\"en-US\",\"@id\":\"https:\/\/vm-bioinfo-wp.toulouse.inrae.fr\/genotoul_test_update\/#\/schema\/logo\/image\/\",\"url\":\"\",\"contentUrl\":\"\",\"caption\":\"genotoul-bioinfo-UPDATE\"},\"image\":{\"@id\":\"https:\/\/vm-bioinfo-wp.toulouse.inrae.fr\/genotoul_test_update\/#\/schema\/logo\/image\/\"}}]}<\/script>\n<!-- \/ Yoast SEO plugin. -->","yoast_head_json":{"title":"Cite us - genotoul-bioinfo-UPDATE","robots":{"index":"index","follow":"follow","max-snippet":"max-snippet:-1","max-image-preview":"max-image-preview:large","max-video-preview":"max-video-preview:-1"},"canonical":"https:\/\/vm-bioinfo-wp.toulouse.inrae.fr\/genotoul_test_update\/index.php\/faq\/cite_us_faq\/","schema":{"@context":"https:\/\/schema.org","@graph":[{"@type":"WebPage","@id":"https:\/\/vm-bioinfo-wp.toulouse.inrae.fr\/genotoul_test_update\/index.php\/faq\/cite_us_faq\/","url":"https:\/\/vm-bioinfo-wp.toulouse.inrae.fr\/genotoul_test_update\/index.php\/faq\/cite_us_faq\/","name":"Cite us - genotoul-bioinfo-UPDATE","isPartOf":{"@id":"https:\/\/vm-bioinfo-wp.toulouse.inrae.fr\/genotoul_test_update\/#website"},"datePublished":"2016-05-31T12:21:00+00:00","dateModified":"2016-07-11T09:10:24+00:00","breadcrumb":{"@id":"https:\/\/vm-bioinfo-wp.toulouse.inrae.fr\/genotoul_test_update\/index.php\/faq\/cite_us_faq\/#breadcrumb"},"inLanguage":"en-US","potentialAction":[{"@type":"ReadAction","target":["https:\/\/vm-bioinfo-wp.toulouse.inrae.fr\/genotoul_test_update\/index.php\/faq\/cite_us_faq\/"]}]},{"@type":"BreadcrumbList","@id":"https:\/\/vm-bioinfo-wp.toulouse.inrae.fr\/genotoul_test_update\/index.php\/faq\/cite_us_faq\/#breadcrumb","itemListElement":[{"@type":"ListItem","position":1,"name":"Home","item":"https:\/\/vm-bioinfo-wp.toulouse.inrae.fr\/genotoul_test_update\/"},{"@type":"ListItem","position":2,"name":"FAQ","item":"https:\/\/vm-bioinfo-wp.toulouse.inrae.fr\/genotoul_test_update\/index.php\/faq\/"},{"@type":"ListItem","position":3,"name":"Cite us"}]},{"@type":"WebSite","@id":"https:\/\/vm-bioinfo-wp.toulouse.inrae.fr\/genotoul_test_update\/#website","url":"https:\/\/vm-bioinfo-wp.toulouse.inrae.fr\/genotoul_test_update\/","name":"genotoul-bioinfo-UPDATE","description":"","publisher":{"@id":"https:\/\/vm-bioinfo-wp.toulouse.inrae.fr\/genotoul_test_update\/#organization"},"potentialAction":[{"@type":"SearchAction","target":{"@type":"EntryPoint","urlTemplate":"https:\/\/vm-bioinfo-wp.toulouse.inrae.fr\/genotoul_test_update\/?s={search_term_string}"},"query-input":"required name=search_term_string"}],"inLanguage":"en-US"},{"@type":"Organization","@id":"https:\/\/vm-bioinfo-wp.toulouse.inrae.fr\/genotoul_test_update\/#organization","name":"genotoul-bioinfo-UPDATE","url":"https:\/\/vm-bioinfo-wp.toulouse.inrae.fr\/genotoul_test_update\/","logo":{"@type":"ImageObject","inLanguage":"en-US","@id":"https:\/\/vm-bioinfo-wp.toulouse.inrae.fr\/genotoul_test_update\/#\/schema\/logo\/image\/","url":"","contentUrl":"","caption":"genotoul-bioinfo-UPDATE"},"image":{"@id":"https:\/\/vm-bioinfo-wp.toulouse.inrae.fr\/genotoul_test_update\/#\/schema\/logo\/image\/"}}]}},"_links":{"self":[{"href":"https:\/\/vm-bioinfo-wp.toulouse.inrae.fr\/genotoul_test_update\/index.php\/wp-json\/wp\/v2\/pages\/638"}],"collection":[{"href":"https:\/\/vm-bioinfo-wp.toulouse.inrae.fr\/genotoul_test_update\/index.php\/wp-json\/wp\/v2\/pages"}],"about":[{"href":"https:\/\/vm-bioinfo-wp.toulouse.inrae.fr\/genotoul_test_update\/index.php\/wp-json\/wp\/v2\/types\/page"}],"author":[{"embeddable":true,"href":"https:\/\/vm-bioinfo-wp.toulouse.inrae.fr\/genotoul_test_update\/index.php\/wp-json\/wp\/v2\/users\/5"}],"replies":[{"embeddable":true,"href":"https:\/\/vm-bioinfo-wp.toulouse.inrae.fr\/genotoul_test_update\/index.php\/wp-json\/wp\/v2\/comments?post=638"}],"version-history":[{"count":0,"href":"https:\/\/vm-bioinfo-wp.toulouse.inrae.fr\/genotoul_test_update\/index.php\/wp-json\/wp\/v2\/pages\/638\/revisions"}],"up":[{"embeddable":true,"href":"https:\/\/vm-bioinfo-wp.toulouse.inrae.fr\/genotoul_test_update\/index.php\/wp-json\/wp\/v2\/pages\/848"}],"wp:attachment":[{"href":"https:\/\/vm-bioinfo-wp.toulouse.inrae.fr\/genotoul_test_update\/index.php\/wp-json\/wp\/v2\/media?parent=638"}],"curies":[{"name":"wp","href":"https:\/\/api.w.org\/{rel}","templated":true}]}}