{"id":48,"date":"2016-05-04T10:14:38","date_gmt":"2016-05-04T08:14:38","guid":{"rendered":"http:\/\/vm-bioinfo-wp.toulouse.inra.fr\/?page_id=48"},"modified":"2021-12-21T11:50:58","modified_gmt":"2021-12-21T10:50:58","slug":"2007-2","status":"publish","type":"page","link":"https:\/\/vm-bioinfo-wp.toulouse.inrae.fr\/genotoul_test_update\/index.php\/about-us\/publications-2-2-2\/2007-2\/","title":{"rendered":"2007"},"content":{"rendered":"<ul>\n<li style=\"text-align: justify;\">M.-A. Madoui, E. Gaulin, C. Math\u00e9, H. San Clemente, A. Couloux, P. Wincker, and B. Dumas. AphanoDB: a genomic resource for <i>Aphanomyces<\/i> pathogens. BMC Genomics. 2007; 8: 471. <a href=\"http:\/\/www.biomedcentral.com\/1471-2164\/8\/471\" target=\"_blank\" rel=\"noopener noreferrer\">see<\/a><\/li>\n<li style=\"text-align: justify;\">Bouyssi\u00e9 D, Gonzalez de Peredo A, Mouton E, Albigot R, Roussel L, Ortega N, Cayrol C, Burlet-Schiltz O, Girard JP, Monsarrat B. Mascot file parsing and quantification (MFPaQ), a new software to parse, validate, and quantify proteomics data generated by ICAT and SILAC mass spectrometric analyses: application to the proteomics study of membrane proteins\u00a0 from primary human endothelial cells. Mol Cell Proteomics. 2007 Sep;6(9):1621-37.<\/li>\n<li style=\"text-align: justify;\">Enault F, Fremez R, Baranowski E, Faraut T Alvira: comparative genomics of viral strains.Bioinformatics. 2007 Aug 15;23(16):2178-9. Epub 2007 Jun 5. <a href=\"http:\/\/www.ncbi.nlm.nih.gov\/sites\/entrez?cmd=Retrieve&amp;db=pubmed&amp;list_uids=17550913\" target=\"_blank\" rel=\"noopener noreferrer\">See<\/a><\/li>\n<li style=\"text-align: justify;\">Fremez R, Faraut T, Fichant G, Gouzy J, Quentin Y Phylogenetic exploration of bacterial genomic rearrangements. Bioinformatics. 2007 May 1;23(9):1172-4. Epub 2007 Mar 1. <a href=\"http:\/\/www.ncbi.nlm.nih.gov\/sites\/entrez?cmd=Retrieve&amp;db=pubmed&amp;list_uids=17332021\" target=\"_blank\" rel=\"noopener noreferrer\">See<\/a><\/li>\n<li style=\"text-align: justify;\">Gourraud PA, Hoffman D, Cambon-Thomsen A, Feolo M 14th International HLA and Immunogenetics Workshop: report on mapping microsatellite markers in the major histocompatibility complex region. Tissue Antigens. 2007 Apr;69 Suppl 1:206-9 <a href=\"http:\/\/www.ncbi.nlm.nih.gov\/sites\/entrez?cmd=Retrieve&amp;db=pubmed&amp;list_uids=17445202\" target=\"_blank\" rel=\"noopener noreferrer\">See<\/a><\/li>\n<li style=\"text-align: justify;\">Gourraud PA, Dieud\u00e9 P, Boyer JF, Nogueira L, Cambon-Thomsen A, Mazi\u00e8res B, Corn\u00e9lis F, Serre G, Cantagrel A, Constantin A. A new classification of HLA-DRB1 alleles differentiates predisposing and protective alleles for autoantibody production in rheumatoid arthritis. Arthritis Res Ther. 2007;9(2):R27. <a href=\"http:\/\/www.ncbi.nlm.nih.gov\/sites\/entrez?cmd=Retrieve&amp;db=pubmed&amp;list_uids=17328818\" target=\"_blank\" rel=\"noopener noreferrer\">See<\/a><\/li>\n<\/ul>\n","protected":false},"excerpt":{"rendered":"<p>M.-A. Madoui, E. Gaulin, C. Math\u00e9, H. San Clemente, A. Couloux, P. Wincker, and B. Dumas. AphanoDB: a genomic resource for Aphanomyces pathogens. BMC Genomics. 2007; 8: 471. see Bouyssi\u00e9 D, Gonzalez de Peredo&#46;&#46;&#46;<\/p>\n","protected":false},"author":2,"featured_media":0,"parent":21,"menu_order":13,"comment_status":"closed","ping_status":"closed","template":"page-templates\/child-menu.php","meta":[],"yoast_head":"<!-- This site is optimized with the Yoast SEO plugin v20.2 - https:\/\/yoast.com\/wordpress\/plugins\/seo\/ -->\n<title>2007 - genotoul-bioinfo-UPDATE<\/title>\n<meta name=\"robots\" content=\"index, follow, max-snippet:-1, max-image-preview:large, max-video-preview:-1\" \/>\n<link rel=\"canonical\" href=\"https:\/\/vm-bioinfo-wp.toulouse.inrae.fr\/genotoul_test_update\/index.php\/about-us\/publications-2-2-2\/2007-2\/\" \/>\n<script type=\"application\/ld+json\" class=\"yoast-schema-graph\">{\"@context\":\"https:\/\/schema.org\",\"@graph\":[{\"@type\":\"WebPage\",\"@id\":\"https:\/\/vm-bioinfo-wp.toulouse.inrae.fr\/genotoul_test_update\/index.php\/about-us\/publications-2-2-2\/2007-2\/\",\"url\":\"https:\/\/vm-bioinfo-wp.toulouse.inrae.fr\/genotoul_test_update\/index.php\/about-us\/publications-2-2-2\/2007-2\/\",\"name\":\"2007 - genotoul-bioinfo-UPDATE\",\"isPartOf\":{\"@id\":\"https:\/\/vm-bioinfo-wp.toulouse.inrae.fr\/genotoul_test_update\/#website\"},\"datePublished\":\"2016-05-04T08:14:38+00:00\",\"dateModified\":\"2021-12-21T10:50:58+00:00\",\"breadcrumb\":{\"@id\":\"https:\/\/vm-bioinfo-wp.toulouse.inrae.fr\/genotoul_test_update\/index.php\/about-us\/publications-2-2-2\/2007-2\/#breadcrumb\"},\"inLanguage\":\"en-US\",\"potentialAction\":[{\"@type\":\"ReadAction\",\"target\":[\"https:\/\/vm-bioinfo-wp.toulouse.inrae.fr\/genotoul_test_update\/index.php\/about-us\/publications-2-2-2\/2007-2\/\"]}]},{\"@type\":\"BreadcrumbList\",\"@id\":\"https:\/\/vm-bioinfo-wp.toulouse.inrae.fr\/genotoul_test_update\/index.php\/about-us\/publications-2-2-2\/2007-2\/#breadcrumb\",\"itemListElement\":[{\"@type\":\"ListItem\",\"position\":1,\"name\":\"Home\",\"item\":\"https:\/\/vm-bioinfo-wp.toulouse.inrae.fr\/genotoul_test_update\/\"},{\"@type\":\"ListItem\",\"position\":2,\"name\":\"About us\",\"item\":\"https:\/\/vm-bioinfo-wp.toulouse.inrae.fr\/genotoul_test_update\/index.php\/about-us\/\"},{\"@type\":\"ListItem\",\"position\":3,\"name\":\"Publications\",\"item\":\"https:\/\/vm-bioinfo-wp.toulouse.inrae.fr\/genotoul_test_update\/index.php\/about-us\/publications-2-2-2\/\"},{\"@type\":\"ListItem\",\"position\":4,\"name\":\"2007\"}]},{\"@type\":\"WebSite\",\"@id\":\"https:\/\/vm-bioinfo-wp.toulouse.inrae.fr\/genotoul_test_update\/#website\",\"url\":\"https:\/\/vm-bioinfo-wp.toulouse.inrae.fr\/genotoul_test_update\/\",\"name\":\"genotoul-bioinfo-UPDATE\",\"description\":\"\",\"publisher\":{\"@id\":\"https:\/\/vm-bioinfo-wp.toulouse.inrae.fr\/genotoul_test_update\/#organization\"},\"potentialAction\":[{\"@type\":\"SearchAction\",\"target\":{\"@type\":\"EntryPoint\",\"urlTemplate\":\"https:\/\/vm-bioinfo-wp.toulouse.inrae.fr\/genotoul_test_update\/?s={search_term_string}\"},\"query-input\":\"required name=search_term_string\"}],\"inLanguage\":\"en-US\"},{\"@type\":\"Organization\",\"@id\":\"https:\/\/vm-bioinfo-wp.toulouse.inrae.fr\/genotoul_test_update\/#organization\",\"name\":\"genotoul-bioinfo-UPDATE\",\"url\":\"https:\/\/vm-bioinfo-wp.toulouse.inrae.fr\/genotoul_test_update\/\",\"logo\":{\"@type\":\"ImageObject\",\"inLanguage\":\"en-US\",\"@id\":\"https:\/\/vm-bioinfo-wp.toulouse.inrae.fr\/genotoul_test_update\/#\/schema\/logo\/image\/\",\"url\":\"\",\"contentUrl\":\"\",\"caption\":\"genotoul-bioinfo-UPDATE\"},\"image\":{\"@id\":\"https:\/\/vm-bioinfo-wp.toulouse.inrae.fr\/genotoul_test_update\/#\/schema\/logo\/image\/\"}}]}<\/script>\n<!-- \/ Yoast SEO plugin. -->","yoast_head_json":{"title":"2007 - genotoul-bioinfo-UPDATE","robots":{"index":"index","follow":"follow","max-snippet":"max-snippet:-1","max-image-preview":"max-image-preview:large","max-video-preview":"max-video-preview:-1"},"canonical":"https:\/\/vm-bioinfo-wp.toulouse.inrae.fr\/genotoul_test_update\/index.php\/about-us\/publications-2-2-2\/2007-2\/","schema":{"@context":"https:\/\/schema.org","@graph":[{"@type":"WebPage","@id":"https:\/\/vm-bioinfo-wp.toulouse.inrae.fr\/genotoul_test_update\/index.php\/about-us\/publications-2-2-2\/2007-2\/","url":"https:\/\/vm-bioinfo-wp.toulouse.inrae.fr\/genotoul_test_update\/index.php\/about-us\/publications-2-2-2\/2007-2\/","name":"2007 - genotoul-bioinfo-UPDATE","isPartOf":{"@id":"https:\/\/vm-bioinfo-wp.toulouse.inrae.fr\/genotoul_test_update\/#website"},"datePublished":"2016-05-04T08:14:38+00:00","dateModified":"2021-12-21T10:50:58+00:00","breadcrumb":{"@id":"https:\/\/vm-bioinfo-wp.toulouse.inrae.fr\/genotoul_test_update\/index.php\/about-us\/publications-2-2-2\/2007-2\/#breadcrumb"},"inLanguage":"en-US","potentialAction":[{"@type":"ReadAction","target":["https:\/\/vm-bioinfo-wp.toulouse.inrae.fr\/genotoul_test_update\/index.php\/about-us\/publications-2-2-2\/2007-2\/"]}]},{"@type":"BreadcrumbList","@id":"https:\/\/vm-bioinfo-wp.toulouse.inrae.fr\/genotoul_test_update\/index.php\/about-us\/publications-2-2-2\/2007-2\/#breadcrumb","itemListElement":[{"@type":"ListItem","position":1,"name":"Home","item":"https:\/\/vm-bioinfo-wp.toulouse.inrae.fr\/genotoul_test_update\/"},{"@type":"ListItem","position":2,"name":"About us","item":"https:\/\/vm-bioinfo-wp.toulouse.inrae.fr\/genotoul_test_update\/index.php\/about-us\/"},{"@type":"ListItem","position":3,"name":"Publications","item":"https:\/\/vm-bioinfo-wp.toulouse.inrae.fr\/genotoul_test_update\/index.php\/about-us\/publications-2-2-2\/"},{"@type":"ListItem","position":4,"name":"2007"}]},{"@type":"WebSite","@id":"https:\/\/vm-bioinfo-wp.toulouse.inrae.fr\/genotoul_test_update\/#website","url":"https:\/\/vm-bioinfo-wp.toulouse.inrae.fr\/genotoul_test_update\/","name":"genotoul-bioinfo-UPDATE","description":"","publisher":{"@id":"https:\/\/vm-bioinfo-wp.toulouse.inrae.fr\/genotoul_test_update\/#organization"},"potentialAction":[{"@type":"SearchAction","target":{"@type":"EntryPoint","urlTemplate":"https:\/\/vm-bioinfo-wp.toulouse.inrae.fr\/genotoul_test_update\/?s={search_term_string}"},"query-input":"required name=search_term_string"}],"inLanguage":"en-US"},{"@type":"Organization","@id":"https:\/\/vm-bioinfo-wp.toulouse.inrae.fr\/genotoul_test_update\/#organization","name":"genotoul-bioinfo-UPDATE","url":"https:\/\/vm-bioinfo-wp.toulouse.inrae.fr\/genotoul_test_update\/","logo":{"@type":"ImageObject","inLanguage":"en-US","@id":"https:\/\/vm-bioinfo-wp.toulouse.inrae.fr\/genotoul_test_update\/#\/schema\/logo\/image\/","url":"","contentUrl":"","caption":"genotoul-bioinfo-UPDATE"},"image":{"@id":"https:\/\/vm-bioinfo-wp.toulouse.inrae.fr\/genotoul_test_update\/#\/schema\/logo\/image\/"}}]}},"_links":{"self":[{"href":"https:\/\/vm-bioinfo-wp.toulouse.inrae.fr\/genotoul_test_update\/index.php\/wp-json\/wp\/v2\/pages\/48"}],"collection":[{"href":"https:\/\/vm-bioinfo-wp.toulouse.inrae.fr\/genotoul_test_update\/index.php\/wp-json\/wp\/v2\/pages"}],"about":[{"href":"https:\/\/vm-bioinfo-wp.toulouse.inrae.fr\/genotoul_test_update\/index.php\/wp-json\/wp\/v2\/types\/page"}],"author":[{"embeddable":true,"href":"https:\/\/vm-bioinfo-wp.toulouse.inrae.fr\/genotoul_test_update\/index.php\/wp-json\/wp\/v2\/users\/2"}],"replies":[{"embeddable":true,"href":"https:\/\/vm-bioinfo-wp.toulouse.inrae.fr\/genotoul_test_update\/index.php\/wp-json\/wp\/v2\/comments?post=48"}],"version-history":[{"count":2,"href":"https:\/\/vm-bioinfo-wp.toulouse.inrae.fr\/genotoul_test_update\/index.php\/wp-json\/wp\/v2\/pages\/48\/revisions"}],"predecessor-version":[{"id":19151,"href":"https:\/\/vm-bioinfo-wp.toulouse.inrae.fr\/genotoul_test_update\/index.php\/wp-json\/wp\/v2\/pages\/48\/revisions\/19151"}],"up":[{"embeddable":true,"href":"https:\/\/vm-bioinfo-wp.toulouse.inrae.fr\/genotoul_test_update\/index.php\/wp-json\/wp\/v2\/pages\/21"}],"wp:attachment":[{"href":"https:\/\/vm-bioinfo-wp.toulouse.inrae.fr\/genotoul_test_update\/index.php\/wp-json\/wp\/v2\/media?parent=48"}],"curies":[{"name":"wp","href":"https:\/\/api.w.org\/{rel}","templated":true}]}}