{"id":3266,"date":"2019-06-17T07:07:37","date_gmt":"2019-06-17T05:07:37","guid":{"rendered":"https:\/\/vm-bioinfo-wp.toulouse.inrae.fr\/genotoul_test_update\/?page_id=3266"},"modified":"2019-07-01T13:33:29","modified_gmt":"2019-07-01T11:33:29","slug":"privacy-policy","status":"publish","type":"page","link":"https:\/\/vm-bioinfo-wp.toulouse.inrae.fr\/genotoul_test_update\/index.php\/about-us\/legal\/privacy-policy\/","title":{"rendered":"Privacy Policy"},"content":{"rendered":"<p>This Privacy Policy explains what personal data is collected by the Genotoul Bioinfo website, and by services you access via the website. It tells you why we collect your data, how it is processed, and how we keep it secure. It also gives you contact details you need if you have any queries or requests concerning your data.<\/p>\n<p>This personal data is collected to support:<\/p>\n<ul>\n<li>activities of the Genotoul Bioinfo platform including the management and follow-up of users\/collaborators\/customers, the distribution of newsletters, the realization of satisfaction surveys, the management of complaints, contentious and unpaid, the access to the platform.<\/li>\n<li>the website activity, the audience measurement, the best handling of incidents.<\/li>\n<\/ul>\n<p>The legal bases for these treatments are the performance of a public interest mission which is entrusted to the controller and, when appropriate, the legitimate interest of the data controller.<\/p>\n<p>There is no\u00a0\u00a0privacy information relating to cookies (no cookies).<\/p>\n<p>&nbsp;<\/p>\n<ul>\n<li>Services that collect personal data:\n<ul>\n<li><a href=\"https:\/\/vm-bioinfo-wp.toulouse.inrae.fr\/genotoul_test_update\/index.php\/about-us\/legal\/privacy-policy\/#public-website\">The public website<\/a><\/li>\n<li><a href=\"https:\/\/vm-bioinfo-wp.toulouse.inrae.fr\/genotoul_test_update\/index.php\/about-us\/legal\/privacy-policy\/#newsletters\">Public newsletters and bioinfo-genotoul mailing list<\/a><\/li>\n<li><a href=\"https:\/\/vm-bioinfo-wp.toulouse.inrae.fr\/genotoul_test_update\/index.php\/about-us\/legal\/privacy-policy\/#event-registration\">Training organisation<\/a><\/li>\n<li><a href=\"https:\/\/vm-bioinfo-wp.toulouse.inrae.fr\/genotoul_test_update\/index.php\/about-us\/legal\/privacy-policy\/#support\">Support demand forms<\/a><\/li>\n<li><a href=\"https:\/\/vm-bioinfo-wp.toulouse.inrae.fr\/genotoul_test_update\/index.php\/about-us\/legal\/privacy-policy\/#account\">Account demand form<\/a><\/li>\n<li><a href=\"https:\/\/vm-bioinfo-wp.toulouse.inrae.fr\/genotoul_test_update\/index.php\/about-us\/legal\/privacy-policy\/#request\">Resources request form<\/a><\/li>\n<li><a href=\"https:\/\/vm-bioinfo-wp.toulouse.inrae.fr\/genotoul_test_update\/index.php\/about-us\/legal\/privacy-policy\/#project\">Project demand form<\/a><\/li>\n<\/ul>\n<\/li>\n<li><a href=\"https:\/\/vm-bioinfo-wp.toulouse.inrae.fr\/genotoul_test_update\/index.php\/about-us\/legal\/privacy-policy\/#your-rights\">Your rights concerning this data<\/a><\/li>\n<\/ul>\n<h2>\u00a0<\/h2>\n<h2 id=\"public-website\">The public website (<a href=\"https:\/\/vm-bioinfo-wp.toulouse.inrae.fr\/genotoul_test_update\">http:\/\/bioinfo.genotoul.fr<\/a>)<\/h2>\n<p><strong>The data we collect:<\/strong> if you browse the public website then the following information is logged by our server: your browser, operating system, IP address, date and time of your visit, visited pages, and amount of data transferred.<\/p>\n<p><strong>Why do we collect this data:<\/strong> this data is used to monitor for suspicious activities (e.g. attempts to hack the site), to diagnose problems on the site, and to create anonymous usage statistics. We do not attempt to identify or profile people based on this data.<\/p>\n<p><strong>Lawful basis for processing the data:<\/strong> processing this data is necessary for <span class=\"tlid-translation translation\"><span class=\"\" title=\"\">performance of a public interest mission and<\/span><\/span>\u00a0to keep\u00a0 this website secure and robust.<\/p>\n<p><strong>Who has access to the data:<\/strong> personal data is only accessible to the Genotoul Bioinfo platform team.<\/p>\n<p><strong>Data transfer:<\/strong> this data is stored on a server hosted <span id=\"result_box\" class=\"\" lang=\"en\"><span class=\"\">in the Toulouse INRA DataCenter (France)<br \/>\n<\/span><\/span><\/p>\n<p><strong>Data retention:<\/strong> we will keep security logs for one year.<\/p>\n<p><strong>Third party processors:<\/strong> no<\/p>\n<h2>\u00a0<\/h2>\n<h2 id=\"newsletters\">Public newsletters and bioinfo-genotoul mailing list<\/h2>\n<p>Newsletters are sent by the bioinfo-genotoul mailing list. This list\u00a0 <span id=\"result_box\" class=\"\" lang=\"en\"><span class=\"\">is hosted by <a href=\"https:\/\/www.renater.fr\" target=\"_blank\" rel=\"noopener\">RENATER<\/a>.<\/span><\/span><\/p>\n<p>If you have an account on the Bioinfo Genotoul Platform,\u00a0<span id=\"result_box\" class=\"\" lang=\"en\"><span class=\"\"> you are automatically added to the bioinfo-genotoul mailing list and you receive newsletters and messages addressed to all users.<\/span><\/span><\/p>\n<p>If not, you can subscribe to our mailing list with <a href=\"https:\/\/groupes.renater.fr\/sympa\/subscribe\/bioinfo.genotoul\" target=\"_blank\" rel=\"noopener\">Renater suscribe form<\/a>.<\/p>\n<p><strong>The data we collect:<\/strong> the sign-up form for newsletters requires your email address.<\/p>\n<p><strong>Why we collect this data:<\/strong> this data enables us to send emails and newsletters\u00a0and to create anonymous usage statistics.<\/p>\n<p><strong>Lawful basis for data processing :<\/strong>\u00a0this data is automatically processed when you have an account on the Genotoul Bioinfo platform (in agreement with the <a href=\"https:\/\/vm-bioinfo-wp.toulouse.inrae.fr\/genotoul_test_update\/wp-content\/uploads\/ChartPFBioinfoGenoToul.pdf\">Genotoul Bioinfo charter<\/a>) and with your explicit consent when you subscribe directly with Renater suscribe form.<\/p>\n<p><strong>Who has access to the data:<\/strong> personal data is only accessible to the Genotoul platform team who manage the emails.<\/p>\n<p><strong>Data transfer:<\/strong> RENATER is based in France and the data is stored\u00a0 on servers located there.<\/p>\n<p><strong>Data retention:<\/strong> we will keep your personal data for as long as you wish to remain on the mailing list <span class=\"tlid-translation translation\"><span class=\"\" title=\"\">or have an account on the platform<\/span><\/span>.<\/p>\n<p><strong>Third party processors:<\/strong> the mailing lists service is run on RENATER service. You can find Legal informations <a href=\"https:\/\/www.renater.fr\/mentions-legales\" target=\"_blank\" rel=\"noopener\">here<\/a><\/p>\n<h2>\u00a0<\/h2>\n<h2 id=\"event-registration\">Training organisation<\/h2>\n<p><strong>The data we collect:<\/strong>\u00a0 the training registration form asks for your name, phone number, email, registration type (INRA\/Academic or non-academic) and possible comments. Once registered and accepted for the training, you will be asked for further administrative information.<\/p>\n<p><strong>Why we collect the data:<\/strong> to enable us to organize the training, and to keep registrants informed about the training. It is also used\u00a0 to create anonymous usage statistics.<\/p>\n<p><strong>Lawful basis for processing the data:<\/strong> the registration form asks for this consent.<\/p>\n<p><strong>Who has access to the data:<\/strong> personal data is only accessible to the Genotoul Bioinfo platform team and the MIAT laboratory administrative team\u00a0who manage the event.<\/p>\n<p><strong>Data transfer:<\/strong> this data is located on a server hosted <span id=\"result_box\" class=\"\" lang=\"en\"><span class=\"\">in Toulouse INRA DataCenter (France)<\/span><\/span>.<\/p>\n<p><strong>Data retention:<\/strong> data collected in the registration form will be kept 10 years or will be erased on demand. Administrative data will be kept 10 years (legal retention). The operational logs and related information are kept independently in order to guarantee the security of the infrastructure and its optimization.<del><br \/>\n<\/del><\/p>\n<p><strong>Third party processors: <\/strong>no<strong><br \/>\n<\/strong><\/p>\n<h2>\u00a0<\/h2>\n<h2 id=\"support\">Support demand forms<\/h2>\n<p>We use a ticket system to manage support, software and bank installation demands.<\/p>\n<p><strong>The data we collect: <\/strong>The support registration forms normally ask for your name, email and details of your problem.<\/p>\n<p><strong>Why we collect the data: <\/strong>this data is collected to help you\u00a0use the\u00a0platform services. Also to trace incidents, problems encountered and solutions found. It is also used to create anonymous usage statistics.<\/p>\n<p><strong>Lawful basis for processing the data:<\/strong> this data is only processed with your explicit consent. The registration form asks for this consent.<\/p>\n<p><strong>Who has access to the data: <\/strong>personal data is only accessible to the Genotoul Bioinfo platform team.<\/p>\n<p><strong>Data retention:<\/strong>\u00a0 data will be kept 15 years of will be erased on demand. The operational logs and related information are kept independently in order to guarantee the security of the infrastructure and its optimization.<\/p>\n<p><strong>Third party processors: <\/strong>no\u00a0<strong><br \/>\n<\/strong><\/p>\n<h2>\u00a0<\/h2>\n<h2 id=\"account\">Account demand form<\/h2>\n<p>We use\u00a0a ticket system to manage account demands. Data is also stored in our LDAP directory (<span class=\"tlid-translation translation\" lang=\"en\"><span class=\"\" title=\"\">directory service used for account management<\/span><\/span>) whan an account is created.<\/p>\n<p><strong>The data we collect:<\/strong>\u00a0it&#8217;s depend on your situation. The account registration form ask for:<\/p>\n<ul>\n<li>your name<\/li>\n<li>your\u00a0 institutional email, address and phone number<\/li>\n<li>your recruiter institution, laboratory and team (and if Inra, the Inra Center and department)<\/li>\n<li>the\u00a0 account\u00a0type (academic or private, permanent or temporary, status)<\/li>\n<li>If temporary: end of contract date, supervisor name, mail and phone number.<\/li>\n<\/ul>\n<p><strong>Why we collect the data:\u00a0<\/strong>to identify and authenticate you as a user of the Genotoul platform services (see <a href=\"https:\/\/vm-bioinfo-wp.toulouse.inrae.fr\/genotoul_test_update\/wp-content\/uploads\/ChartPFBioinfoGenoToul.pdf\">Genotoul Bioinfo charter<\/a>). To manage your access rights, your quotas, your newsletters subscriptions. To keep you informed of plateform changes. Finally this data will also be used for\u00a0administrative, operational, accounting, monitoring and security purposes and to create anonymous usage statistics.<\/p>\n<p><strong>Lawful basis for processing the data:<\/strong> this data is only processed with your explicit consent. The registration form asks for this consent.<\/p>\n<p><strong>Who has access to the data:<\/strong> personal data is only accessible to the Genotoul Bioinfo platform team.<\/p>\n<p><strong>Data retention:<\/strong> in our LDAP directory until your account is closed ( see conditions in\u00a0<a href=\"https:\/\/vm-bioinfo-wp.toulouse.inrae.fr\/genotoul_test_update\/wp-content\/uploads\/ChartPFBioinfoGenoToul.pdf\">Genotoul-Bioinfo charter<\/a> ). Data will be keeped 15 years or will be erased on demand. Operational logs and related information are kept independently in order to guarantee the\u00a0infrastructure security and optimization.<\/p>\n<p><strong>Third party processors: <\/strong>no<\/p>\n<h2>\u00a0<\/h2>\n<h2 id=\"request\">Resources request form<\/h2>\n<p>We use a ticket system to handle exceptional resource requests. In case of quote request, some information (name, email, request details, phone number) will be stored in our CRM (Customer Relationship Management) software to track your request and your possible purchase.<\/p>\n<p><strong>The data we collect:<\/strong> it\u2019s depend on your request. The resources request form ask for:<\/p>\n<ul>\n<li>the project investigator name<\/li>\n<li>your\u00a0 institutional email, address and phone number<\/li>\n<li>your title\/position and laboratory<\/li>\n<li>the scientific project details<\/li>\n<li>the type of request (storage, CPU, virtual machine, &#8230;), its duration, the login concerned by the request if necessary and the need for a quote or not for paid services.<\/li>\n<\/ul>\n<p><strong>Why we collect the data:\u00a0<\/strong>to analyze and respond to your request, to trace our resources usage.<\/p>\n<p><strong>Lawful basis for processing the data:<\/strong> this data is only processed with your explicit consent. The registration form asks for this consent.<\/p>\n<p><strong>Who has access to the data:<\/strong> personal data is only accessible to the Genotoul Bioinfo platform team and the MIAT laboratory administrative team who manage possible purchase.<\/p>\n<p><strong>Data retention: <\/strong>data will be kept 10 years or will be erase on demand. Administrative data need for quote and purpose will be kept 10 years (legal retention). The operational logs and related information are kept independently in order to guarantee the infrastructure security and optimization.<\/p>\n<p><strong>Third party processors: <\/strong>no<\/p>\n<p>&nbsp;<\/p>\n<h2 id=\"project\">Project demand form<\/h2>\n<p>Project demand are send to the staff direction <a class=\"mail\" href=\"mailto:anim.bioinfo-Occitanie-Toulouse@inra.fr\">(anim.bioinfo-Occitanie-Toulouse(at)inra.fr)<\/a>.<\/p>\n<p><strong>The data we collect: <\/strong>the project registration ask for your email and details of your project.<\/p>\n<p><strong>Why we collect the data: <\/strong>to analyze your demand.\u00a0<\/p>\n<p><strong>Lawful basis for processing the data:<\/strong> this data is only processed with your explicit consent. The registration form asks for this consent.<\/p>\n<p><strong>Who has access to the data: <\/strong>personal data is only accessible to the Genotoul Bioinfo platform staff direction.<\/p>\n<p><strong>Data retention:<\/strong> data will be kept 15 years or will be erase on demand.<\/p>\n<p><strong>Third party processors: <\/strong>no\u00a0<\/p>\n<h2>\u00a0<\/h2>\n<h2 id=\"your-rights\">Your rights<\/h2>\n<p>Under the <a href=\"https:\/\/ec.europa.eu\/commission\/priorities\/justice-and-fundamental-rights\/data-protection\/2018-reform-eu-data-protection-rules_en\" target=\"_blank\" rel=\"noopener\">General Data Protection Regulation (GDPR)<\/a> you have a number of rights concerning your data (see the <a href=\"https:\/\/www.cnil.fr\/fr\/reglement-europeen-protection-donnees\" target=\"_blank\" rel=\"noopener\">CNIL website<\/a> for an overview of <a href=\"https:\/\/www.cnil.fr\/fr\/les-droits-pour-maitriser-vos-donnees-personnelles\" target=\"_blank\" rel=\"noopener\">these<\/a>).<\/p>\n<p>You have the right to access, correct, delete, oppose (for a legitimate reason) or limit the use of data concerning you, in accordance with Law No. 78-17 of January 6, 1978 on Data Processing, Files and Individual Liberties, and with EU Regulation 2016\/679 on the protection of natural persons with regard to the processing of personal data and on the free movement of such data.\u00a0 You also have the right to submit a claim to a supervisory authority such as the Commission Nationale de l\u2019Informatique et des Libert\u00e9s (CNIL).<\/p>\n<p>\nExcept in the case of a claim, which must be submitted directly to a supervisory authority, you may exercise these rights by sending an email to Genotoul-Bioinfo (mail:<a href=\"mailto:support.bioinfo.genotoul@inra.fr\">\u00a0support.bioinfo.genotoul(at)inra.fr<\/a> ) or a letter\u00a0with a signed identity document addressed to the PF GenoToul Bioinfo:<\/p>\n<p>PF GenoToul Bioinfo, MIAT<br \/>\nChemin de Borde Rouge BP52 627<br \/>\n31326 Castanet Tolosan cedex<\/p>\n<p>\nINRA has a Data Protection Officer.\u00a0<\/p>\n<p>INRA\u00a0D\u00e9l\u00e9gu\u00e9e \u00e0 la Protection des Donn\u00e9es<br \/>\nEmail: <a href=\"mailto:cil-dpo@inra.fr\">cil-dpo(at)inra.fr<\/a><br \/>\nPhone:\u00a0+33 1 (0)5 61 28 54 37<br \/>\nAddress:<\/p>\n<p>INRA<br \/>\n24, chemin de Borde Rouge<br \/>\nAuzeville \u2013 CS52627<br \/>\n31326 Castanet Tolosan cedex<br \/>\nFrance<\/p>\n<p>&nbsp;<\/p>\n<p>Last updated: June 2019<\/p>\n","protected":false},"excerpt":{"rendered":"<p>This Privacy Policy explains what personal data is collected by the Genotoul Bioinfo website, and by services you access via the website. It tells you why we collect your data, how it is processed,&#46;&#46;&#46;<\/p>\n","protected":false},"author":5,"featured_media":0,"parent":3257,"menu_order":3,"comment_status":"closed","ping_status":"closed","template":"page-templates\/child-menu.php","meta":[],"yoast_head":"<!-- This site is optimized with the Yoast SEO plugin v20.2 - https:\/\/yoast.com\/wordpress\/plugins\/seo\/ -->\n<title>Privacy Policy - genotoul-bioinfo-UPDATE<\/title>\n<meta name=\"robots\" content=\"index, follow, max-snippet:-1, max-image-preview:large, max-video-preview:-1\" \/>\n<link rel=\"canonical\" href=\"https:\/\/vm-bioinfo-wp.toulouse.inrae.fr\/genotoul_test_update\/index.php\/about-us\/legal\/privacy-policy\/\" \/>\n<script type=\"application\/ld+json\" class=\"yoast-schema-graph\">{\"@context\":\"https:\/\/schema.org\",\"@graph\":[{\"@type\":\"WebPage\",\"@id\":\"https:\/\/vm-bioinfo-wp.toulouse.inrae.fr\/genotoul_test_update\/index.php\/about-us\/legal\/privacy-policy\/\",\"url\":\"https:\/\/vm-bioinfo-wp.toulouse.inrae.fr\/genotoul_test_update\/index.php\/about-us\/legal\/privacy-policy\/\",\"name\":\"Privacy Policy - genotoul-bioinfo-UPDATE\",\"isPartOf\":{\"@id\":\"https:\/\/vm-bioinfo-wp.toulouse.inrae.fr\/genotoul_test_update\/#website\"},\"datePublished\":\"2019-06-17T05:07:37+00:00\",\"dateModified\":\"2019-07-01T11:33:29+00:00\",\"breadcrumb\":{\"@id\":\"https:\/\/vm-bioinfo-wp.toulouse.inrae.fr\/genotoul_test_update\/index.php\/about-us\/legal\/privacy-policy\/#breadcrumb\"},\"inLanguage\":\"en-US\",\"potentialAction\":[{\"@type\":\"ReadAction\",\"target\":[\"https:\/\/vm-bioinfo-wp.toulouse.inrae.fr\/genotoul_test_update\/index.php\/about-us\/legal\/privacy-policy\/\"]}]},{\"@type\":\"BreadcrumbList\",\"@id\":\"https:\/\/vm-bioinfo-wp.toulouse.inrae.fr\/genotoul_test_update\/index.php\/about-us\/legal\/privacy-policy\/#breadcrumb\",\"itemListElement\":[{\"@type\":\"ListItem\",\"position\":1,\"name\":\"Home\",\"item\":\"https:\/\/vm-bioinfo-wp.toulouse.inrae.fr\/genotoul_test_update\/\"},{\"@type\":\"ListItem\",\"position\":2,\"name\":\"About us\",\"item\":\"https:\/\/vm-bioinfo-wp.toulouse.inrae.fr\/genotoul_test_update\/index.php\/about-us\/\"},{\"@type\":\"ListItem\",\"position\":3,\"name\":\"Legal\",\"item\":\"https:\/\/vm-bioinfo-wp.toulouse.inrae.fr\/genotoul_test_update\/index.php\/about-us\/legal\/\"},{\"@type\":\"ListItem\",\"position\":4,\"name\":\"Privacy Policy\"}]},{\"@type\":\"WebSite\",\"@id\":\"https:\/\/vm-bioinfo-wp.toulouse.inrae.fr\/genotoul_test_update\/#website\",\"url\":\"https:\/\/vm-bioinfo-wp.toulouse.inrae.fr\/genotoul_test_update\/\",\"name\":\"genotoul-bioinfo-UPDATE\",\"description\":\"\",\"publisher\":{\"@id\":\"https:\/\/vm-bioinfo-wp.toulouse.inrae.fr\/genotoul_test_update\/#organization\"},\"potentialAction\":[{\"@type\":\"SearchAction\",\"target\":{\"@type\":\"EntryPoint\",\"urlTemplate\":\"https:\/\/vm-bioinfo-wp.toulouse.inrae.fr\/genotoul_test_update\/?s={search_term_string}\"},\"query-input\":\"required name=search_term_string\"}],\"inLanguage\":\"en-US\"},{\"@type\":\"Organization\",\"@id\":\"https:\/\/vm-bioinfo-wp.toulouse.inrae.fr\/genotoul_test_update\/#organization\",\"name\":\"genotoul-bioinfo-UPDATE\",\"url\":\"https:\/\/vm-bioinfo-wp.toulouse.inrae.fr\/genotoul_test_update\/\",\"logo\":{\"@type\":\"ImageObject\",\"inLanguage\":\"en-US\",\"@id\":\"https:\/\/vm-bioinfo-wp.toulouse.inrae.fr\/genotoul_test_update\/#\/schema\/logo\/image\/\",\"url\":\"\",\"contentUrl\":\"\",\"caption\":\"genotoul-bioinfo-UPDATE\"},\"image\":{\"@id\":\"https:\/\/vm-bioinfo-wp.toulouse.inrae.fr\/genotoul_test_update\/#\/schema\/logo\/image\/\"}}]}<\/script>\n<!-- \/ Yoast SEO plugin. -->","yoast_head_json":{"title":"Privacy Policy - genotoul-bioinfo-UPDATE","robots":{"index":"index","follow":"follow","max-snippet":"max-snippet:-1","max-image-preview":"max-image-preview:large","max-video-preview":"max-video-preview:-1"},"canonical":"https:\/\/vm-bioinfo-wp.toulouse.inrae.fr\/genotoul_test_update\/index.php\/about-us\/legal\/privacy-policy\/","schema":{"@context":"https:\/\/schema.org","@graph":[{"@type":"WebPage","@id":"https:\/\/vm-bioinfo-wp.toulouse.inrae.fr\/genotoul_test_update\/index.php\/about-us\/legal\/privacy-policy\/","url":"https:\/\/vm-bioinfo-wp.toulouse.inrae.fr\/genotoul_test_update\/index.php\/about-us\/legal\/privacy-policy\/","name":"Privacy Policy - genotoul-bioinfo-UPDATE","isPartOf":{"@id":"https:\/\/vm-bioinfo-wp.toulouse.inrae.fr\/genotoul_test_update\/#website"},"datePublished":"2019-06-17T05:07:37+00:00","dateModified":"2019-07-01T11:33:29+00:00","breadcrumb":{"@id":"https:\/\/vm-bioinfo-wp.toulouse.inrae.fr\/genotoul_test_update\/index.php\/about-us\/legal\/privacy-policy\/#breadcrumb"},"inLanguage":"en-US","potentialAction":[{"@type":"ReadAction","target":["https:\/\/vm-bioinfo-wp.toulouse.inrae.fr\/genotoul_test_update\/index.php\/about-us\/legal\/privacy-policy\/"]}]},{"@type":"BreadcrumbList","@id":"https:\/\/vm-bioinfo-wp.toulouse.inrae.fr\/genotoul_test_update\/index.php\/about-us\/legal\/privacy-policy\/#breadcrumb","itemListElement":[{"@type":"ListItem","position":1,"name":"Home","item":"https:\/\/vm-bioinfo-wp.toulouse.inrae.fr\/genotoul_test_update\/"},{"@type":"ListItem","position":2,"name":"About us","item":"https:\/\/vm-bioinfo-wp.toulouse.inrae.fr\/genotoul_test_update\/index.php\/about-us\/"},{"@type":"ListItem","position":3,"name":"Legal","item":"https:\/\/vm-bioinfo-wp.toulouse.inrae.fr\/genotoul_test_update\/index.php\/about-us\/legal\/"},{"@type":"ListItem","position":4,"name":"Privacy Policy"}]},{"@type":"WebSite","@id":"https:\/\/vm-bioinfo-wp.toulouse.inrae.fr\/genotoul_test_update\/#website","url":"https:\/\/vm-bioinfo-wp.toulouse.inrae.fr\/genotoul_test_update\/","name":"genotoul-bioinfo-UPDATE","description":"","publisher":{"@id":"https:\/\/vm-bioinfo-wp.toulouse.inrae.fr\/genotoul_test_update\/#organization"},"potentialAction":[{"@type":"SearchAction","target":{"@type":"EntryPoint","urlTemplate":"https:\/\/vm-bioinfo-wp.toulouse.inrae.fr\/genotoul_test_update\/?s={search_term_string}"},"query-input":"required name=search_term_string"}],"inLanguage":"en-US"},{"@type":"Organization","@id":"https:\/\/vm-bioinfo-wp.toulouse.inrae.fr\/genotoul_test_update\/#organization","name":"genotoul-bioinfo-UPDATE","url":"https:\/\/vm-bioinfo-wp.toulouse.inrae.fr\/genotoul_test_update\/","logo":{"@type":"ImageObject","inLanguage":"en-US","@id":"https:\/\/vm-bioinfo-wp.toulouse.inrae.fr\/genotoul_test_update\/#\/schema\/logo\/image\/","url":"","contentUrl":"","caption":"genotoul-bioinfo-UPDATE"},"image":{"@id":"https:\/\/vm-bioinfo-wp.toulouse.inrae.fr\/genotoul_test_update\/#\/schema\/logo\/image\/"}}]}},"_links":{"self":[{"href":"https:\/\/vm-bioinfo-wp.toulouse.inrae.fr\/genotoul_test_update\/index.php\/wp-json\/wp\/v2\/pages\/3266"}],"collection":[{"href":"https:\/\/vm-bioinfo-wp.toulouse.inrae.fr\/genotoul_test_update\/index.php\/wp-json\/wp\/v2\/pages"}],"about":[{"href":"https:\/\/vm-bioinfo-wp.toulouse.inrae.fr\/genotoul_test_update\/index.php\/wp-json\/wp\/v2\/types\/page"}],"author":[{"embeddable":true,"href":"https:\/\/vm-bioinfo-wp.toulouse.inrae.fr\/genotoul_test_update\/index.php\/wp-json\/wp\/v2\/users\/5"}],"replies":[{"embeddable":true,"href":"https:\/\/vm-bioinfo-wp.toulouse.inrae.fr\/genotoul_test_update\/index.php\/wp-json\/wp\/v2\/comments?post=3266"}],"version-history":[{"count":5,"href":"https:\/\/vm-bioinfo-wp.toulouse.inrae.fr\/genotoul_test_update\/index.php\/wp-json\/wp\/v2\/pages\/3266\/revisions"}],"predecessor-version":[{"id":3282,"href":"https:\/\/vm-bioinfo-wp.toulouse.inrae.fr\/genotoul_test_update\/index.php\/wp-json\/wp\/v2\/pages\/3266\/revisions\/3282"}],"up":[{"embeddable":true,"href":"https:\/\/vm-bioinfo-wp.toulouse.inrae.fr\/genotoul_test_update\/index.php\/wp-json\/wp\/v2\/pages\/3257"}],"wp:attachment":[{"href":"https:\/\/vm-bioinfo-wp.toulouse.inrae.fr\/genotoul_test_update\/index.php\/wp-json\/wp\/v2\/media?parent=3266"}],"curies":[{"name":"wp","href":"https:\/\/api.w.org\/{rel}","templated":true}]}}