{"id":24,"date":"2016-05-04T10:01:44","date_gmt":"2016-05-04T08:01:44","guid":{"rendered":"http:\/\/vm-bioinfo-wp.toulouse.inra.fr\/?page_id=24"},"modified":"2021-12-21T11:43:17","modified_gmt":"2021-12-21T10:43:17","slug":"24-2","status":"publish","type":"page","link":"https:\/\/vm-bioinfo-wp.toulouse.inrae.fr\/genotoul_test_update\/index.php\/about-us\/publications-2-2-2\/24-2\/","title":{"rendered":"2015"},"content":{"rendered":"<ol>\n<li style=\"text-align: justify;\">Ferchaud A.-L., R. Eudeline, V. Arnal, M. Cheylan, G. Pottier, R. Leblois and P.-A. Crochet. 2015. Congruent signals of population history but radically different patterns of genetic diversity between mitochondrial and nuclear markers in a mountain lizard. Molecular Ecology 24 :\u00a0 192\u2013207 . doi : 10.1111\/mec.13011. <a href=\"http:\/\/onlinelibrary.wiley.com\/doi\/10.1111\/mec.13011\/full\" target=\"_blank\" rel=\"noopener noreferrer\">see<\/a><\/li>\n<li style=\"text-align: justify;\">Mazet O, Rodr\u00edguez W, Grusea S, Boitard S and Chikhi L; On the importance of being structured: instantaneous coalescence rates and human evolution\u2014lessons for ancestral population size inference? Heredity advance online publication 9 December 2015; doi: 10.1038\/hdy.2015.104. <a href=\"http:\/\/www.nature.com\/hdy\/journal\/vaop\/ncurrent\/full\/hdy2015104a.html\" target=\"_blank\" rel=\"noopener noreferrer\">see<\/a><\/li>\n<li style=\"text-align: justify;\">Mazet O, Rodr\u00edguez W, Chikhi L, Demographic inference using genetic data from a single individual: Separating population size variation from population structure, Theoretical Population Biology, Volume 104, September 2015, Pages 46-58, ISSN 0040-5809, doi: 10.1016\/j.tpb.2015.06.003. <a href=\"http:\/\/www.sciencedirect.com\/science\/article\/pii\/S0040580915000581\" target=\"_blank\" rel=\"noopener noreferrer\">see<\/a><\/li>\n<li style=\"text-align: justify;\">Jousselin E., Clamens A.-L., Galan M., Bernard M., Maman S., Duport M.-G., Meseguer A., Calevro F. and Coeur d\u2019acier A., 2015. An assessment of 16S rRNA amplicon Illumina sequencing procedure to study the microbiome of a symbiont-rich aphid genus. Molecular Ecology Resources. doi.org\/10.1111\/1755-0998.1247. <a href=\"http:\/\/onlinelibrary.wiley.com\/doi\/10.1111\/1755-0998.12478\/abstract\" target=\"_blank\" rel=\"noopener noreferrer\">see <\/a><\/li>\n<li style=\"text-align: justify;\">Thiault N, Darrigues J, Adoue V, Gros M, Binet B, Perals C, Leobon B, Fazilleau N, Joffre OP, Robey EA, van Meerwijk JP, Romagnoli P.; Peripheral regulatory T lymphocytes recirculating to the thymus suppress the development of their precursors; Nature immunology. 2015 Jun;16(6):628-34. doi: 10.1038\/ni.3150. Epub 2015 May 4. <a href=\"http:\/\/www.nature.com\/ni\/journal\/v16\/n6\/full\/ni.3150.html\" target=\"_blank\" rel=\"noopener noreferrer\">see<\/a><\/li>\n<li style=\"text-align: justify;\">Dedeine F, Weinert LA, Bigot D, Josse T, Ballenghien M, Cahais V, et al. (2015) Comparative Analysis of Transcriptomes from Secondary Reproductives of Three Reticulitermes Termite Species. PLoS ONE 10(12): e0145596. doi:10.1371\/journal.pone.0145596. <a href=\"http:\/\/journals.plos.org\/plosone\/article?id=10.1371\/journal.pone.0145596\" target=\"_blank\" rel=\"noopener noreferrer\">see<\/a><\/li>\n<li style=\"text-align: justify;\">Forneris NS, Legarra A, Vitezica ZG, Tsuruta S, Aguilar I, Misztal I, Cantet RJ. Quality control of genotypes using heritability estimates of gene content at the marker. Genetics. 2015 Mar;199(3):675-81. doi: 10.1534\/genetics.114.173559. <a href=\"http:\/\/www.genetics.org\/content\/199\/3\/675.full.pdf+html\" target=\"_blank\" rel=\"noopener noreferrer\">see<\/a><\/li>\n<li style=\"text-align: justify;\">Legarra A, Christensen OF, Vitezica ZG, Aguilar I, Misztal I. Ancestral Relationships Using Metafounders: Finite Ancestral Populations and Across Population Relationships. Genetics. 2015 Jun;200(2):455-68. doi: 10.1534\/genetics.115.177014. <a href=\"http:\/\/www.researchgate.net\/publication\/268109611_Across-Breeds_Ancestral_Relationships_and_Metafounders_for_Genomic_Evaluation\" target=\"_blank\" rel=\"noopener noreferrer\">see<\/a><\/li>\n<li style=\"text-align: justify;\">Legarra A, Croiseau P, Sanchez MP, Teyss\u00e8dre S, Sall\u00e9 G, Allais S, Fritz S, Moreno CR, Ricard A, Elsen JM. A comparison of methods for whole-genome QTL mapping using dense markers in four livestock species. Genet Sel Evol. 2015 Feb 12;47:6. doi: 10.1186\/s12711-015-0087-7. <a href=\"http:\/\/www.ncbi.nlm.nih.gov\/pubmed\/25885597\" target=\"_blank\" rel=\"noopener noreferrer\">see<\/a><\/li>\n<li style=\"text-align: justify;\">Legarra A. Comparing estimates of genetic variance across different relationship models. Theor Popul Biol. 2015 Sep 2. pii: S0040-5809(15)00083-0. doi: 10.1016\/j.tpb.2015.08.005. <a href=\"http:\/\/www.sciencedirect.com\/science\/article\/pii\/S0040580915000830\" target=\"_blank\" rel=\"noopener noreferrer\">see<\/a><\/li>\n<li style=\"text-align: justify;\">Legarra A, Vitezica ZG. Genetic evaluation with major genes and polygenic inheritance when some animals are not genotyped using gene content multiple-trait BLUP. Genet Sel Evol. 2015 Nov 17;47(1):89.doi: 10.1186\/s12711-015-0165-x. <a href=\"http:\/\/link.springer.com\/article\/10.1186\/s12711-015-0165-x\" target=\"_blank\" rel=\"noopener noreferrer\">see<\/a><\/li>\n<li style=\"text-align: justify;\"><strong>J\u00e9r\u00f4me Mariette<\/strong>, <strong>Fr\u00e9d\u00e9ric Escudi\u00e9<\/strong>, Philippe Bardou, <strong>Ibouniyamine Nabihoudine<\/strong>, <strong>C\u00e9line Noirot<\/strong>, <strong>Marie-St\u00e9phane Trotard<\/strong>, <strong>Christine Gaspin<\/strong> and <strong>Christophe Klopp<\/strong>. Jflow: a workflow management system for web applications. Bioinformatics. 2015. doi 10.1093\/bioinformatics\/btv589. <a href=\"http:\/\/bioinformatics.oxfordjournals.org\/content\/32\/3\/456\" target=\"_blank\" rel=\"noopener noreferrer\">see<\/a><\/li>\n<li style=\"text-align: justify;\">Lesur I, Le Provost G, Bento P, Da Silva C, Lepl\u00e9 JC, Murat F, Ueno S, Bartholom\u00e9 J, Lalanne C, Ehrenmann F,<b> Noirot C<\/b>, Burban C, L\u00e9ger V, Amselem J, Belser C, Quesneville H, Stierschneider M, Fluch S, Feldhahn L, Tarkka M, Herrmann S, Buscot F, <strong>Klopp C<\/strong>, Kremer A, Salse J, Aury JM, Plomion C. The oak gene expression atlas: insights into Fagaceae genome evolution and the discovery of genes regulated during bud dormancy release. BMC Genomics. 2015 Feb 21;16:112. doi: 10.1186\/s12864-015-1331-9. PubMed PMID: 25765701; PubMed Central PMCID: PMC4350297.<a href=\"http:\/\/www.ncbi.nlm.nih.gov\/pmc\/articles\/PMC4350297\/\" target=\"_blank\" rel=\"noopener noreferrer\">see<\/a>.<\/li>\n<li style=\"text-align: justify;\">Quelen C, Eloit Y, <strong>Noirot C<\/strong>, Bousquet M, Brousset P. RNA editing in acute myeloid leukaemia with normal karyotype. Br J Haematol. 2015 Aug 7. doi:10.1111\/bjh.13631. [Epub ahead of print] PubMed PMID: 26251186.<a href=\"http:\/\/onlinelibrary.wiley.com\/doi\/10.1111\/bjh.13631\/abstract\" target=\"_blank\" rel=\"noopener noreferrer\">see<\/a><\/li>\n<li style=\"text-align: justify;\">Esquerr\u00e9 T, Moisan A, Chiapello H, Arike L, Vilu R, <strong>Gaspin C<\/strong>, Cocaign-Bousquet M, Girbal L. Genome-wide investigation of mRNA lifetime determinants in Escherichia coli cells cultured at different growth rates. BMC Genomics. 2015 Apr 9;16:275. doi: 10.1186\/s12864-015-1482-8. PubMed PMID: 25887031; PubMed Central PMCID: PMC4421995.<\/li>\n<li style=\"text-align: justify;\">Higashi S, Fournier C, Gautier C, <strong>Gaspin C<\/strong>, Sagot MF. Mirinho: An efficient and general plant and animal pre-miRNA predictor for genomic and deep sequencing data. BMC Bioinformatics. 2015 May 29;16:179. doi: 10.1186\/s12859-015-0594-0. PubMed PMID: 26022464; PubMed Central PMCID: PMC4448272.<\/li>\n<li style=\"text-align: justify;\">Plomion C, Aury JM, Amselem J, Alaeitabar T, Barbe V, Belser C, Berg\u00e8s H, Bod\u00e9n\u00e8s C, Boudet N, Boury C, Canaguier A, Couloux A, Da Silva C, Duplessis S, Ehrenmann F, Estrada-Mairey B, Fouteau S, Francillonne N, <strong>Gaspin C<\/strong>, Guichard C, <strong>Klopp C<\/strong>, Labadie K, Lalanne C, Le Clainche I, Lepl\u00e9 JC, Le Provost G, Leroy T, Lesur I, Martin F, Mercier J, Michotey C, Murat F, Salin F, Steinbach D, Faivre-Rampant P, Wincker P, Salse J, Quesneville H, Kremer A. Decoding the oak genome: public release of sequence data, assembly, annotation and publication strategies. Mol Ecol Resour. 2015 May 6. doi: 10.1111\/1755-0998.12425. [Epub ahead of print] PubMed PMID: 25944057.<a href=\"http:\/\/onlinelibrary.wiley.com\/doi\/10.1111\/1755-0998.12425\/full\" target=\"_blank\" rel=\"noopener noreferrer\">see<\/a>.<\/li>\n<li style=\"text-align: justify;\">Zedane L, Hong-Wa C, Murienne J, Jeziorski C, Baldwin BG, Besnard G. Museomics illuminate the history of an extinct, paleoendemic plant lineage (Hesperelaea, Oleaceae) known from an 1875 collection from Guadalupe Island, Mexico. Biological Journal of the Linnean Society. 2015. doi:10.1111\/bij.12509. <a href=\"http:\/\/onlinelibrary.wiley.com\/doi\/10.1111\/bij.12509\/full\" target=\"_blank\" rel=\"noopener noreferrer\">see<\/a><\/li>\n<li style=\"text-align: justify;\">Hinaux H, Blin M, Fumey J, Legendre L, Heuz\u00e9 A, Casane D, R\u00e9taux S. Lens defects in Astyanax mexicanus Cavefish: Evolution of crystallins and a role for alphaA-crystallin. Developmental Neurobiology. 2015. Vol 75, issue 5, page 505-521. doi:10.1002\/dneu.22239; <a href=\"http:\/\/onlinelibrary.wiley.com\/doi\/10.1002\/dneu.22239\/abstract\" target=\"_blank\" rel=\"noopener noreferrer\">see<\/a><\/li>\n<li style=\"text-align: justify;\">San Clemente H and Jamet E. WallProtDB, a database resource for plant cell wall proteomics. PlantMethods. 2015. 11:2. doi:10.1186\/s13007-015-0045-y. <a href=\"http:\/\/www.biomedcentral.com\/content\/pdf\/s13007-015-0045-y.pdf\" target=\"_blank\" rel=\"noopener noreferrer\">see<\/a><\/li>\n<li style=\"text-align: justify;\">Marie P, Labas V, Brionne A, Harichaux G, Hennequet-Antier C, Rodriguez-Navarro A.B, Nys Y, Gautron J. Data set for the proteomic inventory and quantitative analysis of chicken eggshell matrix proteins during the primary events of eggshell mineralization and the active growth phase of calcification. Data in Brief, Available online 7 July 2015, ISSN 2352-3409, doi:10.1016\/j.dib.2015.06.019. <a href=\"http:\/\/www.sciencedirect.com\/science\/article\/pii\/S2352340915001146\" target=\"_blank\" rel=\"noopener noreferrer\">see<\/a><\/li>\n<li style=\"text-align: justify;\">Kocher A, Guilbert E, Lhuillier E, Murienne J. Sequencing of the mitochondrial genome of the avocado lace bug Pseudacysta perseae (Heteroptera, Tingidae) using a genome skimming approach. Comptes Rendus Biologies, Volume 338, Issue 3, March 2015, Pages 149-160, ISSN 1631-0691, doi:10.1016\/j.crvi.2014.12.004. <a href=\"http:\/\/www.sciencedirect.com\/science\/article\/pii\/S1631069114003072\" target=\"_blank\" rel=\"noopener noreferrer\">see<\/a><\/li>\n<li style=\"text-align: justify;\">Pratlong M, Haguenauer A, Chabrol O, <strong>Klopp C<\/strong>, Pontarotti P and Aurelle D. The red coral (Corallium rubrum) transcriptome: a new resource for population genetics and local adaptation studies. 2015. doi: 10.1111\/1755-0998.12383. <a href=\"http:\/\/onlinelibrary.wiley.com\/doi\/10.1111\/1755-0998.12383\/full\" target=\"_blank\" rel=\"noopener noreferrer\">see<\/a><\/li>\n<li style=\"text-align: justify;\">Damian Smedley, Syed Haider, Steffen Durinck, Luca Pandini, Paolo Provero, James Allen, Olivier Arnaiz, Mohammad Hamza Awedh, Richard Baldock, Giulia Barbiera, Philippe Bardou, Tim Beck, Andrew Blake, Merideth Bonierbale, Anthony J Brookes, Gabriele Bucci, Iwan Buetti, Sarah Burge, C\u00e9dric Cabau, Joseph W Carlson, Claude Chelala, Charalambos Chrysostomou, Davide Cittaro, Olivier Collin, Raul Cordova, Rosalind J Cutts, Erik Dassi, Alex Di Genova, <strong>Anis Djari<\/strong>, Anthony Esposito, Heather Estrella, Eduardo Eyras, Julio Fernandez-Banet, Simon Forbes, Robert C Free, Takatomo Fujisawa, Emanuela Gadaleta, Jose M Garcia-Manteiga, David Goodstein, Kristian Gray, Jos\u00e9 Afonso Guerra-Assun\u00e7\u00e3o, Bernard Haggarty, Dong-Jin Han, Byung Woo Han, Todd Harris, Jayson Harshbarger, Robert K Hastings, Richard D Hayes, <strong>Claire Hoede<\/strong>, Shen Hu, Zhi-Liang Hu, Lucie Hutchins, Zhengyan Kan, Hideya Kawaji, Aminah Keliet, Arnaud Kerhornou, Sunghoon Kim, Rhoda Kinsella, <strong>Christophe Klopp<\/strong>, Lei Kong, Daniel Lawson, Dejan Lazarevic, Ji-Hyun Lee, Thomas Letellier, Chuan-Yun Li, Pietro Lio, Chu-Jun Liu, Jie Luo, Alejandro Maass, <strong>Jerome Mariette<\/strong>, Thomas Maurel, Stefania Merella, Azza Mostafa Mohamed, Francois Moreews, <strong>Ibounyamine Nabihoudine<\/strong>, Nelson Ndegwa, <strong>C\u00e9line Noirot<\/strong>, Cristian Perez-Llamas, Michael Primig, Alessandro Quattrone, Hadi Quesneville, Davide Rambaldi, James Reecy, Michela Riba, Steven Rosanoff, Amna Ali Saddiq, Elisa Salas, Olivier Sallou, Rebecca Shepherd, Reinhard Simon, Linda Sperling, William Spooner, Daniel M Staines, Delphine Steinbach, Kevin Stone, Elia Stupka, Jon W Teague, Abu Z Dayem Ullah, Jun Wang, Doreen Ware, Marie Wong-Erasmus, Ken Youens-Clark, Amonida Zadissa, Shi-Jian Zhang, Arek Kasprzyk. The BioMart community portal: an innovative alternative to large, centralized data repositories. Nucleic Acid Research. 2015, doi: 10.1093\/nar\/gkv350. <a href=\"http:\/\/nar.oxfordjournals.org\/content\/early\/2015\/04\/20\/nar.gkv350.full\" target=\"_blank\" rel=\"noopener noreferrer\">see<\/a><\/li>\n<li style=\"text-align: justify;\">\n<div>Vincent Bourret, Guillaume Croville, Jean-Michel Mansuy, Catherine Mengelle, <strong>J\u00e9r\u00f4me Mariette<\/strong>, <strong>Christophe Klopp<\/strong>, Cl\u00e9mence Genthon, Jacques Izopet, Jean-Luc Gu\u00e9rin. Intra-host viral variability in children clinically infected with H1N1 (2009) pandemic influenza. Infection, Genetics and Evolution. 2015, doi:10.1016\/j.meegid.2015.04.009. <a href=\"http:\/\/www.sciencedirect.com\/science\/article\/pii\/S1567134815001343\" target=\"_blank\" rel=\"noopener noreferrer\">see<\/a><\/div>\n<\/li>\n<li style=\"text-align: justify;\">Lesur I, Bechade A, Lalanne C, <strong>Klopp C<\/strong>, <strong>Noirot C<\/strong>, Lepl\u00e9 JC, Kremer A, Plomion C, Le Provost G. A unigene set for European beech (Fagus sylvatica L.) and its use to decipher the molecular mechanisms involved in dormancy regulation. Mol Ecol Resour. 2015 Jan 16. doi: 10.1111\/1755-0998.12373. <a href=\"http:\/\/onlinelibrary.wiley.com\/enhanced\/doi\/10.1111\/1755-0998.12373\/\" target=\"_blank\" rel=\"noopener noreferrer\">see<\/a><\/li>\n<li style=\"text-align: justify;\">Duhoux A, Carr\u00e8re S, Gouzy J, Bonin L, D\u00e9lye C. RNA-Seq analysis of rye-grass transcriptomic response to an herbicide inhibiting acetolactate-synthase identifies transcripts linked to non-target-site-based resistance. Plant Mol Biol. 2015 Jan 31. doi:10.1007\/s11103-015-0292-3. <a href=\"http:\/\/download.springer.com\/static\/pdf\/894\/art%253A10.1007%252Fs11103-015-0292-3.pdf?auth66=1424095774_e1ee7b8e29a2714584a4d5ba7da1b9e0&amp;ext=.pdf\" target=\"_blank\" rel=\"noopener noreferrer\">see<\/a><\/li>\n<li style=\"text-align: justify;\">San Clemente H, Jamet E, WallProtDB, a database resource for plant cell wall proteomic, Plant methods 2015, 11:2, doi:10.1186\/s13007-015-0045-y. <a href=\"http:\/\/www.plantmethods.com\/content\/pdf\/s13007-015-0045-y.pdf\" target=\"_blank\" rel=\"noopener noreferrer\">see<\/a><\/li>\n<li style=\"text-align: justify;\">Lauressergues D, Couzigou JM, San Clemente H, Martinez Y, Dunand C, B\u00e9card G, Combier JP, Primary transcripts of microRNAs encode regulatory peptide, Nature 520, 90\u201393 (02 April 2015), doi:10.1038\/nature14346. <a href=\"http:\/\/www.nature.com\/nature\/journal\/v520\/n7545\/full\/nature14346.html\" target=\"_blank\" rel=\"noopener noreferrer\">see<\/a><\/li>\n<li style=\"text-align: justify;\">Bonhomme M,\u00a0Boitard S,\u00a0San Clemente H, Dumas B,\u00a0Young N and\u00a0Jacquet C, Genomic signature of selective sweeps illuminates adaptation of Medicago truncatula to root-associated microorganism, Molecular Biology and Evolution, avril 2015, doi: 10.1093\/molbev\/msv092. <a href=\"http:\/\/mbe.oxfordjournals.org\/content\/early\/2015\/04\/28\/molbev.msv092\" target=\"_blank\" rel=\"noopener noreferrer\">see<\/a><\/li>\n<li style=\"text-align: justify;\">O Pringault, J Aube, O Bouchez, <strong>C Klopp<\/strong>, <strong>J Mariette<\/strong>, <strong>F Escudie<\/strong>, P Senin, M Goni-Urriza, Contrasted effects of natural complex mixtures of PAHs and metals on oxygen cycle in a microbial mat. Chemosphere. 2015. doi:10.1016\/j.chemosphere.2015.04.037. <a href=\"http:\/\/www.sciencedirect.com\/science\/article\/pii\/S0045653515003768\" target=\"_blank\" rel=\"noopener noreferrer\">see<\/a><\/li>\n<li style=\"text-align: justify;\">David Simoncini, David Allouche, Simon de Givry, C\u00e9line Delmas, Sophie Barbe, and Thomas Schiex, J. Chem. Theory Comput., Just Accepted Manuscript, DOI: 10.1021\/acs.jctc.5b00594, Publication Date (Web): November 11, 2015. <a href=\"http:\/\/pubs.acs.org\/doi\/pdf\/10.1021\/acs.jctc.5b00594\" target=\"_blank\" rel=\"noopener noreferrer\">see<\/a><\/li>\n<li style=\"text-align: justify;\">Mariette, S., Wong Jun Tai, F., Roch, G., Barre, A., Chague, A., Decroocq, S., Groppi, A., Laizet, Y., Lambert, P., Tricon, D., Nikolski, M., Audergon, J.-M., Abbott, A. G. and Decroocq, V. (July 2015), Genome-wide association links candidate genes to resistance to <i>Plum Pox Virus<\/i> in apricot (<i>Prunus armeniaca<\/i>). New Phytol, 209: 773\u2013784. doi:10.1111\/nph.13627. <a href=\"http:\/\/onlinelibrary.wiley.com\/doi\/10.1111\/nph.13627\/full\" target=\"_blank\" rel=\"noopener noreferrer\">see<\/a><\/li>\n<li style=\"text-align: justify;\">Allouche, D., de Givry, S., Katsirelos, G., Schiex, T., Zytnicki, M.: Anytime Hybrid Best-First Search with Tree Decomposition for Weighted CSP. In: Proc. of CP-15. pp. 12\u201328. Cork, Ireland (2015). <a href=\"http:\/\/link.springer.com\/chapter\/10.1007\/978-3-319-23219-5_2\" target=\"_blank\" rel=\"noopener noreferrer\">see<\/a><\/li>\n<\/ol>\n","protected":false},"excerpt":{"rendered":"<p>Ferchaud A.-L., R. Eudeline, V. Arnal, M. Cheylan, G. Pottier, R. Leblois and P.-A. Crochet. 2015. Congruent signals of population history but radically different patterns of genetic diversity between mitochondrial and nuclear markers in&#46;&#46;&#46;<\/p>\n","protected":false},"author":2,"featured_media":0,"parent":21,"menu_order":5,"comment_status":"closed","ping_status":"closed","template":"page-templates\/child-menu.php","meta":[],"yoast_head":"<!-- This site is optimized with the Yoast SEO plugin v20.2 - https:\/\/yoast.com\/wordpress\/plugins\/seo\/ -->\n<title>2015 - genotoul-bioinfo-UPDATE<\/title>\n<meta name=\"robots\" content=\"index, follow, max-snippet:-1, max-image-preview:large, max-video-preview:-1\" \/>\n<link rel=\"canonical\" href=\"https:\/\/vm-bioinfo-wp.toulouse.inrae.fr\/genotoul_test_update\/index.php\/about-us\/publications-2-2-2\/24-2\/\" \/>\n<script type=\"application\/ld+json\" class=\"yoast-schema-graph\">{\"@context\":\"https:\/\/schema.org\",\"@graph\":[{\"@type\":\"WebPage\",\"@id\":\"https:\/\/vm-bioinfo-wp.toulouse.inrae.fr\/genotoul_test_update\/index.php\/about-us\/publications-2-2-2\/24-2\/\",\"url\":\"https:\/\/vm-bioinfo-wp.toulouse.inrae.fr\/genotoul_test_update\/index.php\/about-us\/publications-2-2-2\/24-2\/\",\"name\":\"2015 - genotoul-bioinfo-UPDATE\",\"isPartOf\":{\"@id\":\"https:\/\/vm-bioinfo-wp.toulouse.inrae.fr\/genotoul_test_update\/#website\"},\"datePublished\":\"2016-05-04T08:01:44+00:00\",\"dateModified\":\"2021-12-21T10:43:17+00:00\",\"breadcrumb\":{\"@id\":\"https:\/\/vm-bioinfo-wp.toulouse.inrae.fr\/genotoul_test_update\/index.php\/about-us\/publications-2-2-2\/24-2\/#breadcrumb\"},\"inLanguage\":\"en-US\",\"potentialAction\":[{\"@type\":\"ReadAction\",\"target\":[\"https:\/\/vm-bioinfo-wp.toulouse.inrae.fr\/genotoul_test_update\/index.php\/about-us\/publications-2-2-2\/24-2\/\"]}]},{\"@type\":\"BreadcrumbList\",\"@id\":\"https:\/\/vm-bioinfo-wp.toulouse.inrae.fr\/genotoul_test_update\/index.php\/about-us\/publications-2-2-2\/24-2\/#breadcrumb\",\"itemListElement\":[{\"@type\":\"ListItem\",\"position\":1,\"name\":\"Home\",\"item\":\"https:\/\/vm-bioinfo-wp.toulouse.inrae.fr\/genotoul_test_update\/\"},{\"@type\":\"ListItem\",\"position\":2,\"name\":\"About us\",\"item\":\"https:\/\/vm-bioinfo-wp.toulouse.inrae.fr\/genotoul_test_update\/index.php\/about-us\/\"},{\"@type\":\"ListItem\",\"position\":3,\"name\":\"Publications\",\"item\":\"https:\/\/vm-bioinfo-wp.toulouse.inrae.fr\/genotoul_test_update\/index.php\/about-us\/publications-2-2-2\/\"},{\"@type\":\"ListItem\",\"position\":4,\"name\":\"2015\"}]},{\"@type\":\"WebSite\",\"@id\":\"https:\/\/vm-bioinfo-wp.toulouse.inrae.fr\/genotoul_test_update\/#website\",\"url\":\"https:\/\/vm-bioinfo-wp.toulouse.inrae.fr\/genotoul_test_update\/\",\"name\":\"genotoul-bioinfo-UPDATE\",\"description\":\"\",\"publisher\":{\"@id\":\"https:\/\/vm-bioinfo-wp.toulouse.inrae.fr\/genotoul_test_update\/#organization\"},\"potentialAction\":[{\"@type\":\"SearchAction\",\"target\":{\"@type\":\"EntryPoint\",\"urlTemplate\":\"https:\/\/vm-bioinfo-wp.toulouse.inrae.fr\/genotoul_test_update\/?s={search_term_string}\"},\"query-input\":\"required name=search_term_string\"}],\"inLanguage\":\"en-US\"},{\"@type\":\"Organization\",\"@id\":\"https:\/\/vm-bioinfo-wp.toulouse.inrae.fr\/genotoul_test_update\/#organization\",\"name\":\"genotoul-bioinfo-UPDATE\",\"url\":\"https:\/\/vm-bioinfo-wp.toulouse.inrae.fr\/genotoul_test_update\/\",\"logo\":{\"@type\":\"ImageObject\",\"inLanguage\":\"en-US\",\"@id\":\"https:\/\/vm-bioinfo-wp.toulouse.inrae.fr\/genotoul_test_update\/#\/schema\/logo\/image\/\",\"url\":\"\",\"contentUrl\":\"\",\"caption\":\"genotoul-bioinfo-UPDATE\"},\"image\":{\"@id\":\"https:\/\/vm-bioinfo-wp.toulouse.inrae.fr\/genotoul_test_update\/#\/schema\/logo\/image\/\"}}]}<\/script>\n<!-- \/ Yoast SEO plugin. -->","yoast_head_json":{"title":"2015 - genotoul-bioinfo-UPDATE","robots":{"index":"index","follow":"follow","max-snippet":"max-snippet:-1","max-image-preview":"max-image-preview:large","max-video-preview":"max-video-preview:-1"},"canonical":"https:\/\/vm-bioinfo-wp.toulouse.inrae.fr\/genotoul_test_update\/index.php\/about-us\/publications-2-2-2\/24-2\/","schema":{"@context":"https:\/\/schema.org","@graph":[{"@type":"WebPage","@id":"https:\/\/vm-bioinfo-wp.toulouse.inrae.fr\/genotoul_test_update\/index.php\/about-us\/publications-2-2-2\/24-2\/","url":"https:\/\/vm-bioinfo-wp.toulouse.inrae.fr\/genotoul_test_update\/index.php\/about-us\/publications-2-2-2\/24-2\/","name":"2015 - genotoul-bioinfo-UPDATE","isPartOf":{"@id":"https:\/\/vm-bioinfo-wp.toulouse.inrae.fr\/genotoul_test_update\/#website"},"datePublished":"2016-05-04T08:01:44+00:00","dateModified":"2021-12-21T10:43:17+00:00","breadcrumb":{"@id":"https:\/\/vm-bioinfo-wp.toulouse.inrae.fr\/genotoul_test_update\/index.php\/about-us\/publications-2-2-2\/24-2\/#breadcrumb"},"inLanguage":"en-US","potentialAction":[{"@type":"ReadAction","target":["https:\/\/vm-bioinfo-wp.toulouse.inrae.fr\/genotoul_test_update\/index.php\/about-us\/publications-2-2-2\/24-2\/"]}]},{"@type":"BreadcrumbList","@id":"https:\/\/vm-bioinfo-wp.toulouse.inrae.fr\/genotoul_test_update\/index.php\/about-us\/publications-2-2-2\/24-2\/#breadcrumb","itemListElement":[{"@type":"ListItem","position":1,"name":"Home","item":"https:\/\/vm-bioinfo-wp.toulouse.inrae.fr\/genotoul_test_update\/"},{"@type":"ListItem","position":2,"name":"About us","item":"https:\/\/vm-bioinfo-wp.toulouse.inrae.fr\/genotoul_test_update\/index.php\/about-us\/"},{"@type":"ListItem","position":3,"name":"Publications","item":"https:\/\/vm-bioinfo-wp.toulouse.inrae.fr\/genotoul_test_update\/index.php\/about-us\/publications-2-2-2\/"},{"@type":"ListItem","position":4,"name":"2015"}]},{"@type":"WebSite","@id":"https:\/\/vm-bioinfo-wp.toulouse.inrae.fr\/genotoul_test_update\/#website","url":"https:\/\/vm-bioinfo-wp.toulouse.inrae.fr\/genotoul_test_update\/","name":"genotoul-bioinfo-UPDATE","description":"","publisher":{"@id":"https:\/\/vm-bioinfo-wp.toulouse.inrae.fr\/genotoul_test_update\/#organization"},"potentialAction":[{"@type":"SearchAction","target":{"@type":"EntryPoint","urlTemplate":"https:\/\/vm-bioinfo-wp.toulouse.inrae.fr\/genotoul_test_update\/?s={search_term_string}"},"query-input":"required name=search_term_string"}],"inLanguage":"en-US"},{"@type":"Organization","@id":"https:\/\/vm-bioinfo-wp.toulouse.inrae.fr\/genotoul_test_update\/#organization","name":"genotoul-bioinfo-UPDATE","url":"https:\/\/vm-bioinfo-wp.toulouse.inrae.fr\/genotoul_test_update\/","logo":{"@type":"ImageObject","inLanguage":"en-US","@id":"https:\/\/vm-bioinfo-wp.toulouse.inrae.fr\/genotoul_test_update\/#\/schema\/logo\/image\/","url":"","contentUrl":"","caption":"genotoul-bioinfo-UPDATE"},"image":{"@id":"https:\/\/vm-bioinfo-wp.toulouse.inrae.fr\/genotoul_test_update\/#\/schema\/logo\/image\/"}}]}},"_links":{"self":[{"href":"https:\/\/vm-bioinfo-wp.toulouse.inrae.fr\/genotoul_test_update\/index.php\/wp-json\/wp\/v2\/pages\/24"}],"collection":[{"href":"https:\/\/vm-bioinfo-wp.toulouse.inrae.fr\/genotoul_test_update\/index.php\/wp-json\/wp\/v2\/pages"}],"about":[{"href":"https:\/\/vm-bioinfo-wp.toulouse.inrae.fr\/genotoul_test_update\/index.php\/wp-json\/wp\/v2\/types\/page"}],"author":[{"embeddable":true,"href":"https:\/\/vm-bioinfo-wp.toulouse.inrae.fr\/genotoul_test_update\/index.php\/wp-json\/wp\/v2\/users\/2"}],"replies":[{"embeddable":true,"href":"https:\/\/vm-bioinfo-wp.toulouse.inrae.fr\/genotoul_test_update\/index.php\/wp-json\/wp\/v2\/comments?post=24"}],"version-history":[{"count":3,"href":"https:\/\/vm-bioinfo-wp.toulouse.inrae.fr\/genotoul_test_update\/index.php\/wp-json\/wp\/v2\/pages\/24\/revisions"}],"predecessor-version":[{"id":19141,"href":"https:\/\/vm-bioinfo-wp.toulouse.inrae.fr\/genotoul_test_update\/index.php\/wp-json\/wp\/v2\/pages\/24\/revisions\/19141"}],"up":[{"embeddable":true,"href":"https:\/\/vm-bioinfo-wp.toulouse.inrae.fr\/genotoul_test_update\/index.php\/wp-json\/wp\/v2\/pages\/21"}],"wp:attachment":[{"href":"https:\/\/vm-bioinfo-wp.toulouse.inrae.fr\/genotoul_test_update\/index.php\/wp-json\/wp\/v2\/media?parent=24"}],"curies":[{"name":"wp","href":"https:\/\/api.w.org\/{rel}","templated":true}]}}