{"id":224,"date":"2016-05-12T14:15:42","date_gmt":"2016-05-12T12:15:42","guid":{"rendered":"http:\/\/vm-bioinfo-wp.toulouse.inra.fr\/?page_id=224"},"modified":"2023-02-06T21:08:31","modified_gmt":"2023-02-06T20:08:31","slug":"they-worked-with-us","status":"publish","type":"page","link":"https:\/\/vm-bioinfo-wp.toulouse.inrae.fr\/genotoul_test_update\/index.php\/about-us\/contact-us\/they-worked-with-us\/","title":{"rendered":"They worked with us"},"content":{"rendered":"<div class=\"csRow\">\n<div class=\"csColumn\" style=\"margin: 0px; padding: 0px; float: left; width: 50%;\" data-csstartpoint=\"15\" data-csendpoint=\"472.5\" data-cswidth=\"50%\" data-csid=\"1eff9b4b-080a-b6db-819b-0f3045fe4150\"><img decoding=\"async\" loading=\"lazy\" class=\"size-full wp-image-208 alignleft\" src=\"https:\/\/vm-bioinfo-wp.toulouse.inrae.fr\/genotoul_test_update\/wp-content\/uploads\/photoJeanMainguy_sm.png\" alt=\"photoJean_nb\" width=\"100\" height=\"119\" \/> <br \/>\n<strong>Jean Mainguy <\/strong><i><br \/>\nFebruary 2019 &#8211; January 2023<\/i><br \/>\nFunded by <i>SeqOccIN (Region Occitanie \/ FEDER)<\/i><\/div>\n<div class=\"csColumn\" style=\"margin: 0px; padding: 0px; float: left; width: 50%;\" data-csstartpoint=\"15\" data-csendpoint=\"472.5\" data-cswidth=\"50%\" data-csid=\"1eff9b4b-080a-b6db-819b-0f3045fe4150\"><img decoding=\"async\" loading=\"lazy\" class=\"size-full wp-image-207 alignleft\" src=\"https:\/\/vm-bioinfo-wp.toulouse.inrae.fr\/genotoul_test_update\/wp-content\/uploads\/mainaVienne_small.jpg\" alt=\"Maina\" width=\"100\" height=\"119\" \/> <br \/>\n<strong>Ma\u00efna Vienne <\/strong><br \/>\n<i> July 2022 &#8211; January 2023 <\/i><br \/>\nFunded by GenoToul Bioinfo<\/div>\n<div class=\"csColumn\" style=\"margin: 0px; padding: 0px; float: left; width: 50%;\" data-csstartpoint=\"15\" data-csendpoint=\"472.5\" data-cswidth=\"50%\" data-csid=\"1eff9b4b-080a-b6db-819b-0f3045fe4150\"><img decoding=\"async\" loading=\"lazy\" class=\"size-full wp-image-3251 alignleft\" src=\"https:\/\/vm-bioinfo-wp.toulouse.inrae.fr\/genotoul_test_update\/wp-content\/uploads\/profilNBBoone_sm.jpg\" alt=\"photoQuentin_nb\" width=\"100\" height=\"119\" \/> <br \/>\n<strong>Quentin Boone<\/strong><br \/>\n<i>March 2022 &#8211; November 2022<\/i><br \/>\nFunded by<i> SeqOccIN (Region Occitanie \/ FEDER)\u00a0<\/i><\/div>\n<div class=\"csColumn\" style=\"margin: 0px; padding: 0px; float: left; width: 50%;\" data-csstartpoint=\"15\" data-csendpoint=\"472.5\" data-cswidth=\"50%\" data-csid=\"1eff9b4b-080a-b6db-819b-0f3045fe4150\"><img decoding=\"async\" loading=\"lazy\" class=\"size-full wp-image-207 alignleft\" src=\"https:\/\/vm-bioinfo-wp.toulouse.inrae.fr\/genotoul_test_update\/wp-content\/uploads\/Paul_Terzian_01_02_sm.jpg\" alt=\"Paul\" width=\"100\" height=\"119\" \/> <br \/>\n<strong>Paul Terzian<b><br \/>\n<\/b><\/strong><i>December 2021 &#8211; November 2022<\/i><strong><b><br \/>\n<\/b><\/strong>Funded by<i> SeqOccIN (Region Occitanie \/ FEDER)<\/i><\/div>\n<div class=\"csColumn\" style=\"margin: 0px; padding: 0px; float: left; width: 50%;\" data-csstartpoint=\"15\" data-csendpoint=\"472.5\" data-cswidth=\"50%\" data-csid=\"1eff9b4b-080a-b6db-819b-0f3045fe4150\"><img decoding=\"async\" loading=\"lazy\" class=\"size-full wp-image-207 alignleft\" src=\"https:\/\/vm-bioinfo-wp.toulouse.inrae.fr\/genotoul_test_update\/wp-content\/uploads\/Cl\u00e9ment_sm.jpg\" alt=\"Cl\u00e9ment\" width=\"100\" height=\"119\" \/> <br \/>\n<strong>Cl\u00e9ment Birbes<b><br \/>\n<\/b><\/strong><em>August 2019 &#8211; November 2022<\/em><br \/>\nFunded by<i> SeqOccIN (Region Occitanie \/ FEDER)\u00a0<\/i><\/div>\n<div class=\"csColumn\" style=\"margin: 0px; padding: 0px; float: left; width: 50%;\" data-csstartpoint=\"15\" data-csendpoint=\"472.5\" data-cswidth=\"50%\" data-csid=\"1eff9b4b-080a-b6db-819b-0f3045fe4150\"><img decoding=\"async\" loading=\"lazy\" class=\"size-full wp-image-208 alignleft\" src=\"https:\/\/vm-bioinfo-wp.toulouse.inrae.fr\/genotoul_test_update\/wp-content\/uploads\/Arnaud_sm2.jpg\" alt=\"Arnaud\" width=\"100\" height=\"119\" \/><strong><br \/>\nArnaud Di-Franco<\/strong><br \/>\n<em>November 2019 &#8211; December 2021<\/em> <br \/>\nFunded by<i> SeqOccIN (Region Occitanie \/ FEDER)\u00a0<\/i><\/div>\n<div class=\"csColumn\" style=\"margin: 0px; padding: 0px; float: left; width: 50%;\" data-csstartpoint=\"15\" data-csendpoint=\"472.5\" data-cswidth=\"50%\" data-csid=\"1eff9b4b-080a-b6db-819b-0f3045fe4150\"><img decoding=\"async\" loading=\"lazy\" class=\"size-full wp-image-201 alignleft\" src=\"https:\/\/vm-bioinfo-wp.toulouse.inrae.fr\/genotoul_test_update\/wp-content\/uploads\/Legoueix_nb.png\" alt=\"sabrina_nb\" width=\"98\" height=\"119\" \/><strong><br \/>\nSabrina Legoueix\u00a0<br \/>\n<\/strong><i>IE INRA \/ Development and data analysis<\/i><strong><br \/>\n<\/strong><strong><br \/>\n<\/strong><\/div>\n<div class=\"csColumn\" style=\"margin: 0px; padding: 0px; float: left; width: 50%;\" data-csstartpoint=\"15\" data-csendpoint=\"472.5\" data-cswidth=\"50%\" data-csid=\"1eff9b4b-080a-b6db-819b-0f3045fe4150\"><img decoding=\"async\" loading=\"lazy\" class=\"size-full wp-image-207 alignleft\" src=\"https:\/\/vm-bioinfo-wp.toulouse.inrae.fr\/genotoul_test_update\/wp-content\/uploads\/GAgoutin_small.jpeg\" alt=\"Gabryelle\" width=\"100\" height=\"119\" \/> <br \/>\n<strong>Gabryelle Agoutin<b><br \/>\n<\/b><\/strong><em>August 2022 &#8211; December 2022<\/em><br \/>\nFunded by<i> SeqOccIN (Region Occitanie \/ FEDER)\u00a0<\/i><strong><b><br \/>\n<\/b><\/strong><\/div>\n<div class=\"csColumn\" style=\"margin: 0px; padding: 0px; float: left; width: 50%;\" data-csstartpoint=\"15\" data-csendpoint=\"472.5\" data-cswidth=\"50%\" data-csid=\"1eff9b4b-080a-b6db-819b-0f3045fe4150\"><img decoding=\"async\" loading=\"lazy\" class=\"size-full wp-image-208 alignleft\" src=\"https:\/\/vm-bioinfo-wp.toulouse.inrae.fr\/genotoul_test_update\/wp-content\/uploads\/PierreMartin_NB.jpg\" alt=\"Pierre\" width=\"100\" height=\"119\" \/><strong><br \/>\nPierre Martin <\/strong><br \/>\n<em>May 2021 &#8211; December 2021<\/em> <br \/>\nFunded by France genomique\u00a0<\/div>\n<div class=\"csColumn\" style=\"margin: 0px; padding: 0px; float: left; width: 50%;\" data-csstartpoint=\"15\" data-csendpoint=\"472.5\" data-cswidth=\"50%\" data-csid=\"45e3cfb3-5538-3e59-9e75-e222a4983a69\"><img decoding=\"async\" src=\"https:\/\/vm-bioinfo-wp.toulouse.inrae.fr\/genotoul_test_update\/wp-content\/plugins\/advanced-wp-columns\/assets\/js\/plugins\/views\/img\/1x1-pixel.png\" \/><img decoding=\"async\" loading=\"lazy\" class=\"size-full wp-image-206 alignleft\" src=\"https:\/\/vm-bioinfo-wp.toulouse.inrae.fr\/genotoul_test_update\/wp-content\/uploads\/Photo_Joanna_Fourquet_sm.jpg\" alt=\"Joanna\" width=\"100\" height=\"119\" \/><strong><br \/>\nJoanna Fourquet<br \/>\n<\/strong><em> January 2019 <\/em><i>&#8211; December 2019<\/i><strong><br \/>\n<\/strong>Funded by Labex ECOFECT<strong><br \/>\n<\/strong><\/div>\n<div class=\"csColumn\" style=\"margin: 0px; padding: 0px; float: left; width: 50%;\" data-csstartpoint=\"15\" data-csendpoint=\"472.5\" data-cswidth=\"50%\" data-csid=\"1eff9b4b-080a-b6db-819b-0f3045fe4150\"><img decoding=\"async\" loading=\"lazy\" class=\"size-full wp-image-208 alignleft\" src=\"https:\/\/vm-bioinfo-wp.toulouse.inrae.fr\/genotoul_test_update\/wp-content\/uploads\/photo_emilien_0001_nb.jpg\" alt=\"photoEmilien_nb\" width=\"98\" height=\"119\" \/><strong><br \/>\nEmilien Lasguignes <b><\/b><\/strong><em><br \/>\nSeptember 2018 <\/em><i>&#8211; November 2019<\/i><strong><br \/>\n<\/strong>Funded by France g\u00e9nomique<strong><br \/>\n<\/strong><\/div>\n<div class=\"csColumn\" style=\"margin: 0px; padding: 0px; float: left; width: 50%;\" data-csstartpoint=\"15\" data-csendpoint=\"472.5\" data-cswidth=\"50%\" data-csid=\"1eff9b4b-080a-b6db-819b-0f3045fe4150\"><img decoding=\"async\" loading=\"lazy\" class=\"size-full wp-image-3251 alignleft\" src=\"https:\/\/vm-bioinfo-wp.toulouse.inrae.fr\/genotoul_test_update\/wp-content\/uploads\/Dreau-Andreea_bw_sm.jpg\" alt=\"photoAndreea_nb\" width=\"100\" height=\"119\" \/> <br \/>\n<strong>Andreea Dreau <b><\/b> <\/strong><i><br \/>\n<em>September 2019 &#8211; May 2022<\/em><br \/>\nFunded by SeqOccIN (Region Occitanie \/ FEDER)<br \/>\n<\/i><\/div>\n<div class=\"csRow\">\n<div class=\"csColumn\" style=\"margin: 0px; padding: 0px; float: left; width: 50%;\" data-csid=\"45e3cfb3-5538-3e59-9e75-e222a4983a69\" data-cswidth=\"50%\" data-csendpoint=\"472.5\" data-csstartpoint=\"15\"><img decoding=\"async\" loading=\"lazy\" class=\"size-full wp-image-208 alignleft\" src=\"https:\/\/vm-bioinfo-wp.toulouse.inrae.fr\/genotoul_test_update\/wp-content\/uploads\/PhotoFlor\u00e9al_nb-1.jpg\" alt=\"photofloreal_nb\" width=\"98\" height=\"119\" \/><strong><br \/>\nFlor\u00e9al Cabanettes<br \/>\n<\/strong><em> April 2017 <\/em><i>&#8211; August 2018<\/i><strong><br \/>\n<\/strong>Funded by France g\u00e9nomique<strong><br \/>\n<\/strong><\/div>\n<div class=\"csColumn\" style=\"margin: 0px; padding: 0px; float: left; width: 50%;\" data-csid=\"45e3cfb3-5538-3e59-9e75-e222a4983a69\" data-cswidth=\"50%\" data-csendpoint=\"472.5\" data-csstartpoint=\"15\"><strong><br \/>\n<\/strong><strong><img decoding=\"async\" loading=\"lazy\" class=\"size-full wp-image-3048 alignleft\" src=\"https:\/\/vm-bioinfo-wp.toulouse.inrae.fr\/genotoul_test_update\/wp-content\/uploads\/blank_picture.png\" alt=\"\" width=\"100\" height=\"126\" \/>Alexandre Heurteau<br \/>\n<\/strong><em> March 2016 <\/em><i>\u2013 August 2016<\/i><br \/>\nFunded by GenEndurance<\/div>\n<\/div>\n<div class=\"csColumn\" style=\"margin: 0px; padding: 0px; float: left; width: 50%;\" data-csid=\"45e3cfb3-5538-3e59-9e75-e222a4983a69\" data-cswidth=\"50%\" data-csendpoint=\"472.5\" data-csstartpoint=\"15\"><img decoding=\"async\" src=\"https:\/\/vm-bioinfo-wp.toulouse.inrae.fr\/genotoul_test_update\/wp-content\/plugins\/advanced-wp-columns\/assets\/js\/plugins\/views\/img\/1x1-pixel.png\" \/><img decoding=\"async\" loading=\"lazy\" class=\"size-full wp-image-206 alignleft\" src=\"https:\/\/vm-bioinfo-wp.toulouse.inrae.fr\/genotoul_test_update\/wp-content\/uploads\/2016\/05\/Regis.png\" alt=\"Frederic\" width=\"100\" height=\"119\" \/><strong><br \/>\nR\u00e9gis Ongaro<br \/>\n<\/strong><em>February 2016 <\/em><i>&#8211; October 2016<\/i><strong><br \/>\n<\/strong>Funded by France G\u00e9nomique<strong><br \/>\n<\/strong><\/div>\n<div class=\"csColumn\" style=\"margin: 0px; padding: 0px; float: left; width: 50%;\" data-csid=\"45e3cfb3-5538-3e59-9e75-e222a4983a69\" data-cswidth=\"50%\" data-csendpoint=\"472.5\" data-csstartpoint=\"15\"><img decoding=\"async\" src=\"https:\/\/vm-bioinfo-wp.toulouse.inrae.fr\/genotoul_test_update\/wp-content\/plugins\/advanced-wp-columns\/assets\/js\/plugins\/views\/img\/1x1-pixel.png\" \/><img decoding=\"async\" loading=\"lazy\" class=\"size-full wp-image-3048 alignleft\" src=\"https:\/\/vm-bioinfo-wp.toulouse.inrae.fr\/genotoul_test_update\/wp-content\/uploads\/blank_picture.png\" alt=\"\" width=\"100\" height=\"126\" \/><strong><br \/>\nGaelle Lefort<br \/>\n<\/strong><em> November 2015 <\/em><i>&#8211; June 2016<\/i><strong><br \/>\n<\/strong>Funded by ANR Blindtest, France G\u00e9nomique and Genotoul<strong><br \/>\n<\/strong><\/div>\n<\/div>\n<div class=\"csRow\">\n<div class=\"csColumn\" style=\"margin: 0px; padding: 0px; float: left; width: 50%;\" data-csid=\"45e3cfb3-5538-3e59-9e75-e222a4983a69\" data-cswidth=\"50%\" data-csendpoint=\"472.5\" data-csstartpoint=\"15\"><img decoding=\"async\" src=\"https:\/\/vm-bioinfo-wp.toulouse.inrae.fr\/genotoul_test_update\/wp-content\/plugins\/advanced-wp-columns\/assets\/js\/plugins\/views\/img\/1x1-pixel.png\" \/><img decoding=\"async\" loading=\"lazy\" class=\"size-full wp-image-206 alignleft\" src=\"https:\/\/vm-bioinfo-wp.toulouse.inrae.fr\/genotoul_test_update\/wp-content\/uploads\/2016\/05\/Frederic.png\" alt=\"Frederic\" width=\"100\" height=\"119\" \/><strong><br \/>\nFr\u00e9d\u00e9ric Escudi\u00e9<br \/>\n<\/strong><em>January 2014 <\/em><i>&#8211; May 2016<\/i><strong><br \/>\n<\/strong>Funded by PIA France G\u00e9nomique<strong><br \/>\n<\/strong><\/div>\n<div class=\"csColumn\" style=\"margin: 0px; padding: 0px; float: left; width: 50%;\" data-csid=\"45e3cfb3-5538-3e59-9e75-e222a4983a69\" data-cswidth=\"50%\" data-csendpoint=\"472.5\" data-csstartpoint=\"15\"><img decoding=\"async\" loading=\"lazy\" class=\"size-full wp-image-232 alignleft\" src=\"https:\/\/vm-bioinfo-wp.toulouse.inrae.fr\/genotoul_test_update\/wp-content\/uploads\/2016\/05\/ibou.png\" alt=\"ibou\" width=\"101\" height=\"121\" \/><strong><br \/>\nIbounyamine Nabihoudine<br \/>\n<\/strong><em>September<\/em> <em>&#8211; November 2015<br \/>\n<\/em>Funded by PIA France G\u00e9nomique<em><br \/>\n<\/em><\/div>\n<\/div>\n<div class=\"csRow\">\n<div class=\"csColumn\" style=\"margin: 0px; padding: 0px; float: left; width: 50%;\" data-csid=\"45e3cfb3-5538-3e59-9e75-e222a4983a69\" data-cswidth=\"50%\" data-csendpoint=\"472.5\" data-csstartpoint=\"15\"><img decoding=\"async\" loading=\"lazy\" class=\"size-full wp-image-235 alignleft\" src=\"https:\/\/vm-bioinfo-wp.toulouse.inrae.fr\/genotoul_test_update\/wp-content\/uploads\/2016\/05\/olivier.jpg\" alt=\"olivier\" width=\"101\" height=\"121\" \/><strong><br \/>\nOlivier Ru\u00e9<br \/>\n<\/strong>January 2013 <i>&#8211; October 2015<\/i><strong><strong><br \/>\n<\/strong><\/strong>Funded by PIA France G\u00e9nomique<strong><strong><br \/>\n<\/strong><br \/>\n<\/strong><\/div>\n<div class=\"csColumn\" style=\"margin: 0px; padding: 0px; float: left; width: 50%;\" data-csid=\"45e3cfb3-5538-3e59-9e75-e222a4983a69\" data-cswidth=\"50%\" data-csendpoint=\"472.5\" data-csstartpoint=\"15\"><img decoding=\"async\" loading=\"lazy\" class=\"size-full wp-image-3048 alignleft\" src=\"https:\/\/vm-bioinfo-wp.toulouse.inrae.fr\/genotoul_test_update\/wp-content\/uploads\/blank_picture.png\" alt=\"\" width=\"100\" height=\"126\" \/><strong><br \/>\nAnis Djari<br \/>\n<\/strong><em>October 2014<\/em> <em>&#8211; September 2015<\/em><strong><br \/>\n<\/strong>Funded by PIA BioDataCloud<strong><br \/>\n<\/strong><\/div>\n<\/div>\n<div class=\"csRow\">\n<div class=\"csColumn\" style=\"margin: 0px; padding: 0px; float: left; width: 50%;\" data-csid=\"45e3cfb3-5538-3e59-9e75-e222a4983a69\" data-cswidth=\"50%\" data-csendpoint=\"472.5\" data-csstartpoint=\"15\"><img decoding=\"async\" loading=\"lazy\" class=\"wp-image-233 size-full alignleft\" src=\"https:\/\/vm-bioinfo-wp.toulouse.inrae.fr\/genotoul_test_update\/wp-content\/uploads\/2016\/05\/ignacio.png\" width=\"100\" height=\"119\" \/><strong><br \/>\nIgnacio Gonzalez<br \/>\n<\/strong><em>February 2014 <\/em><i>&#8211; December 2014<\/i><strong><strong><br \/>\n<\/strong><\/strong>Funded by PIA France G\u00e9nomique<strong><strong><br \/>\n<\/strong><br \/>\n<\/strong><\/div>\n<div class=\"csColumn\" style=\"margin: 0px; padding: 0px; float: left; width: 50%;\" data-csid=\"45e3cfb3-5538-3e59-9e75-e222a4983a69\" data-cswidth=\"50%\" data-csendpoint=\"472.5\" data-csstartpoint=\"15\"><img decoding=\"async\" loading=\"lazy\" class=\"size-full wp-image-228 alignleft\" src=\"https:\/\/vm-bioinfo-wp.toulouse.inrae.fr\/genotoul_test_update\/wp-content\/uploads\/2016\/05\/anais.png\" alt=\"anais\" width=\"100\" height=\"119\" \/><b><br \/>\n<\/b><strong>Ana\u00efs Painset<\/strong><b><br \/>\n<\/b><em>March 2012 &#8211; March 2015<\/em><b><br \/>\n<\/b>Funded by PIA\/<i>ANR BACNE<\/i>T<b><br \/>\n<\/b><\/div>\n<\/div>\n<div class=\"csRow\">\n<div class=\"csColumn\" style=\"margin: 0px; padding: 0px; float: left; width: 50%;\" data-csid=\"45e3cfb3-5538-3e59-9e75-e222a4983a69\" data-cswidth=\"50%\" data-csendpoint=\"472.5\" data-csstartpoint=\"15\"><img decoding=\"async\" loading=\"lazy\" class=\"size-full wp-image-237 alignleft\" src=\"https:\/\/vm-bioinfo-wp.toulouse.inrae.fr\/genotoul_test_update\/wp-content\/uploads\/2016\/05\/Thomas.jpg\" alt=\"Thomas\" width=\"99\" height=\"117\" \/><strong><br \/>\nThomas Raulet<br \/>\n<\/strong><em>November 2012 &#8211; November 2013<\/em><strong><br \/>\n<\/strong>Funded by France G\u00e9nomique<strong><br \/>\n<\/strong><\/div>\n<div class=\"csColumn\" style=\"margin: 0px; padding: 0px; float: left; width: 50%;\" data-csid=\"45e3cfb3-5538-3e59-9e75-e222a4983a69\" data-cswidth=\"50%\" data-csendpoint=\"472.5\" data-csstartpoint=\"15\"><img decoding=\"async\" loading=\"lazy\" class=\"size-full wp-image-230 alignleft\" src=\"https:\/\/vm-bioinfo-wp.toulouse.inrae.fr\/genotoul_test_update\/wp-content\/uploads\/2016\/05\/Antoine.jpg\" alt=\"Antoine\" width=\"100\" height=\"121\" \/><b><br \/>\n<\/b><strong>Antoine Leuleu<\/strong><b><br \/>\n<\/b><em>November 2012 &#8211; November 2013<\/em><b><br \/>\n<\/b>Funded by France G\u00e9nomique<b> <\/b><\/div>\n<\/div>\n<div class=\"csRow\">\n<div class=\"csColumn\" style=\"margin: 0px; padding: 0px; float: left; width: 50%;\" data-csid=\"45e3cfb3-5538-3e59-9e75-e222a4983a69\" data-cswidth=\"50%\" data-csendpoint=\"472.5\" data-csstartpoint=\"15\"><img decoding=\"async\" loading=\"lazy\" class=\"size-full wp-image-236 alignleft\" src=\"https:\/\/vm-bioinfo-wp.toulouse.inrae.fr\/genotoul_test_update\/wp-content\/uploads\/2016\/05\/Sylvain.png\" alt=\"Sylvain\" width=\"100\" height=\"125\" \/><b><br \/>\n<\/b><strong>Sylvain Thomas<\/strong><b><br \/>\n<\/b><em>April 2010 &#8211; September 2011<\/em><b><br \/>\n<\/b>Funded by Dept MIA \/ Genotoul<b><br \/>\n<\/b><\/div>\n<div class=\"csColumn\" style=\"margin: 0px; padding: 0px; float: left; width: 50%;\" data-csid=\"45e3cfb3-5538-3e59-9e75-e222a4983a69\" data-cswidth=\"50%\" data-csendpoint=\"472.5\" data-csstartpoint=\"15\"><img decoding=\"async\" loading=\"lazy\" class=\"size-full wp-image-234 alignleft\" src=\"https:\/\/vm-bioinfo-wp.toulouse.inrae.fr\/genotoul_test_update\/wp-content\/uploads\/2016\/05\/nicolas.jpg\" alt=\"nicolas\" width=\"100\" height=\"119\" \/><b><br \/>\n<\/b><strong>Nicolas Allias<\/strong><b><br \/>\n<\/b><em>November 2009 &#8211; April 2011<\/em><b><br \/>\n<\/b>Funded by IBISA<\/div>\n<\/div>\n<div class=\"csRow\">\n<div class=\"csColumn\" style=\"margin: 0px; padding: 0px; float: left; width: 50%;\" data-csid=\"45e3cfb3-5538-3e59-9e75-e222a4983a69\" data-cswidth=\"50%\" data-csendpoint=\"472.5\" data-csstartpoint=\"15\"><img decoding=\"async\" loading=\"lazy\" class=\"size-full wp-image-231 alignleft\" src=\"https:\/\/vm-bioinfo-wp.toulouse.inrae.fr\/genotoul_test_update\/wp-content\/uploads\/2016\/05\/cecile.png\" alt=\"cecile\" width=\"100\" height=\"117\" \/><b><br \/>\n<\/b><strong>C\u00e9cile Parmentier<\/strong><b><br \/>\n<\/b><em>April 2010 &#8211; November 2011<\/em><b><br \/>\n<\/b>Funded by UPS<b><b><br \/>\n<\/b><br \/>\n<\/b><\/div>\n<div class=\"csColumn\" style=\"margin: 0px; padding: 0px; float: left; width: 50%;\" data-csid=\"45e3cfb3-5538-3e59-9e75-e222a4983a69\" data-cswidth=\"50%\" data-csendpoint=\"472.5\" data-csstartpoint=\"15\"><img decoding=\"async\" loading=\"lazy\" class=\"size-full wp-image-229 alignleft\" src=\"https:\/\/vm-bioinfo-wp.toulouse.inrae.fr\/genotoul_test_update\/wp-content\/uploads\/2016\/05\/Anne.png\" alt=\"Anne\" width=\"100\" height=\"119\" \/><b><br \/>\n<\/b><strong>Anne Lenogue<\/strong><b><br \/>\n<\/b><em> December 2007 &#8211; March 2010<\/em><b><br \/>\n<\/b>Funded by ANR and Genotoul<b><br \/>\n<\/b><\/div>\n<\/div>\n","protected":false},"excerpt":{"rendered":"<p>Jean Mainguy February 2019 &#8211; January 2023 Funded by SeqOccIN (Region Occitanie \/ FEDER) Ma\u00efna Vienne July 2022 &#8211; January 2023 Funded by GenoToul Bioinfo Quentin Boone March 2022 &#8211; November 2022 Funded by&#46;&#46;&#46;<\/p>\n","protected":false},"author":2,"featured_media":0,"parent":19,"menu_order":0,"comment_status":"closed","ping_status":"closed","template":"page-templates\/child-menu.php","meta":[],"yoast_head":"<!-- This site is optimized with the Yoast SEO plugin v20.2 - https:\/\/yoast.com\/wordpress\/plugins\/seo\/ -->\n<title>They worked with us - genotoul-bioinfo-UPDATE<\/title>\n<meta name=\"robots\" content=\"index, follow, max-snippet:-1, max-image-preview:large, max-video-preview:-1\" \/>\n<link rel=\"canonical\" href=\"https:\/\/vm-bioinfo-wp.toulouse.inrae.fr\/genotoul_test_update\/index.php\/about-us\/contact-us\/they-worked-with-us\/\" \/>\n<script type=\"application\/ld+json\" class=\"yoast-schema-graph\">{\"@context\":\"https:\/\/schema.org\",\"@graph\":[{\"@type\":\"WebPage\",\"@id\":\"https:\/\/vm-bioinfo-wp.toulouse.inrae.fr\/genotoul_test_update\/index.php\/about-us\/contact-us\/they-worked-with-us\/\",\"url\":\"https:\/\/vm-bioinfo-wp.toulouse.inrae.fr\/genotoul_test_update\/index.php\/about-us\/contact-us\/they-worked-with-us\/\",\"name\":\"They worked with us - genotoul-bioinfo-UPDATE\",\"isPartOf\":{\"@id\":\"https:\/\/vm-bioinfo-wp.toulouse.inrae.fr\/genotoul_test_update\/#website\"},\"datePublished\":\"2016-05-12T12:15:42+00:00\",\"dateModified\":\"2023-02-06T20:08:31+00:00\",\"breadcrumb\":{\"@id\":\"https:\/\/vm-bioinfo-wp.toulouse.inrae.fr\/genotoul_test_update\/index.php\/about-us\/contact-us\/they-worked-with-us\/#breadcrumb\"},\"inLanguage\":\"en-US\",\"potentialAction\":[{\"@type\":\"ReadAction\",\"target\":[\"https:\/\/vm-bioinfo-wp.toulouse.inrae.fr\/genotoul_test_update\/index.php\/about-us\/contact-us\/they-worked-with-us\/\"]}]},{\"@type\":\"BreadcrumbList\",\"@id\":\"https:\/\/vm-bioinfo-wp.toulouse.inrae.fr\/genotoul_test_update\/index.php\/about-us\/contact-us\/they-worked-with-us\/#breadcrumb\",\"itemListElement\":[{\"@type\":\"ListItem\",\"position\":1,\"name\":\"Home\",\"item\":\"https:\/\/vm-bioinfo-wp.toulouse.inrae.fr\/genotoul_test_update\/\"},{\"@type\":\"ListItem\",\"position\":2,\"name\":\"About us\",\"item\":\"https:\/\/vm-bioinfo-wp.toulouse.inrae.fr\/genotoul_test_update\/index.php\/about-us\/\"},{\"@type\":\"ListItem\",\"position\":3,\"name\":\"Contact us\",\"item\":\"https:\/\/vm-bioinfo-wp.toulouse.inrae.fr\/genotoul_test_update\/index.php\/about-us\/contact-us\/\"},{\"@type\":\"ListItem\",\"position\":4,\"name\":\"They worked with us\"}]},{\"@type\":\"WebSite\",\"@id\":\"https:\/\/vm-bioinfo-wp.toulouse.inrae.fr\/genotoul_test_update\/#website\",\"url\":\"https:\/\/vm-bioinfo-wp.toulouse.inrae.fr\/genotoul_test_update\/\",\"name\":\"genotoul-bioinfo-UPDATE\",\"description\":\"\",\"publisher\":{\"@id\":\"https:\/\/vm-bioinfo-wp.toulouse.inrae.fr\/genotoul_test_update\/#organization\"},\"potentialAction\":[{\"@type\":\"SearchAction\",\"target\":{\"@type\":\"EntryPoint\",\"urlTemplate\":\"https:\/\/vm-bioinfo-wp.toulouse.inrae.fr\/genotoul_test_update\/?s={search_term_string}\"},\"query-input\":\"required name=search_term_string\"}],\"inLanguage\":\"en-US\"},{\"@type\":\"Organization\",\"@id\":\"https:\/\/vm-bioinfo-wp.toulouse.inrae.fr\/genotoul_test_update\/#organization\",\"name\":\"genotoul-bioinfo-UPDATE\",\"url\":\"https:\/\/vm-bioinfo-wp.toulouse.inrae.fr\/genotoul_test_update\/\",\"logo\":{\"@type\":\"ImageObject\",\"inLanguage\":\"en-US\",\"@id\":\"https:\/\/vm-bioinfo-wp.toulouse.inrae.fr\/genotoul_test_update\/#\/schema\/logo\/image\/\",\"url\":\"\",\"contentUrl\":\"\",\"caption\":\"genotoul-bioinfo-UPDATE\"},\"image\":{\"@id\":\"https:\/\/vm-bioinfo-wp.toulouse.inrae.fr\/genotoul_test_update\/#\/schema\/logo\/image\/\"}}]}<\/script>\n<!-- \/ Yoast SEO plugin. -->","yoast_head_json":{"title":"They worked with us - genotoul-bioinfo-UPDATE","robots":{"index":"index","follow":"follow","max-snippet":"max-snippet:-1","max-image-preview":"max-image-preview:large","max-video-preview":"max-video-preview:-1"},"canonical":"https:\/\/vm-bioinfo-wp.toulouse.inrae.fr\/genotoul_test_update\/index.php\/about-us\/contact-us\/they-worked-with-us\/","schema":{"@context":"https:\/\/schema.org","@graph":[{"@type":"WebPage","@id":"https:\/\/vm-bioinfo-wp.toulouse.inrae.fr\/genotoul_test_update\/index.php\/about-us\/contact-us\/they-worked-with-us\/","url":"https:\/\/vm-bioinfo-wp.toulouse.inrae.fr\/genotoul_test_update\/index.php\/about-us\/contact-us\/they-worked-with-us\/","name":"They worked with us - genotoul-bioinfo-UPDATE","isPartOf":{"@id":"https:\/\/vm-bioinfo-wp.toulouse.inrae.fr\/genotoul_test_update\/#website"},"datePublished":"2016-05-12T12:15:42+00:00","dateModified":"2023-02-06T20:08:31+00:00","breadcrumb":{"@id":"https:\/\/vm-bioinfo-wp.toulouse.inrae.fr\/genotoul_test_update\/index.php\/about-us\/contact-us\/they-worked-with-us\/#breadcrumb"},"inLanguage":"en-US","potentialAction":[{"@type":"ReadAction","target":["https:\/\/vm-bioinfo-wp.toulouse.inrae.fr\/genotoul_test_update\/index.php\/about-us\/contact-us\/they-worked-with-us\/"]}]},{"@type":"BreadcrumbList","@id":"https:\/\/vm-bioinfo-wp.toulouse.inrae.fr\/genotoul_test_update\/index.php\/about-us\/contact-us\/they-worked-with-us\/#breadcrumb","itemListElement":[{"@type":"ListItem","position":1,"name":"Home","item":"https:\/\/vm-bioinfo-wp.toulouse.inrae.fr\/genotoul_test_update\/"},{"@type":"ListItem","position":2,"name":"About us","item":"https:\/\/vm-bioinfo-wp.toulouse.inrae.fr\/genotoul_test_update\/index.php\/about-us\/"},{"@type":"ListItem","position":3,"name":"Contact us","item":"https:\/\/vm-bioinfo-wp.toulouse.inrae.fr\/genotoul_test_update\/index.php\/about-us\/contact-us\/"},{"@type":"ListItem","position":4,"name":"They worked with us"}]},{"@type":"WebSite","@id":"https:\/\/vm-bioinfo-wp.toulouse.inrae.fr\/genotoul_test_update\/#website","url":"https:\/\/vm-bioinfo-wp.toulouse.inrae.fr\/genotoul_test_update\/","name":"genotoul-bioinfo-UPDATE","description":"","publisher":{"@id":"https:\/\/vm-bioinfo-wp.toulouse.inrae.fr\/genotoul_test_update\/#organization"},"potentialAction":[{"@type":"SearchAction","target":{"@type":"EntryPoint","urlTemplate":"https:\/\/vm-bioinfo-wp.toulouse.inrae.fr\/genotoul_test_update\/?s={search_term_string}"},"query-input":"required name=search_term_string"}],"inLanguage":"en-US"},{"@type":"Organization","@id":"https:\/\/vm-bioinfo-wp.toulouse.inrae.fr\/genotoul_test_update\/#organization","name":"genotoul-bioinfo-UPDATE","url":"https:\/\/vm-bioinfo-wp.toulouse.inrae.fr\/genotoul_test_update\/","logo":{"@type":"ImageObject","inLanguage":"en-US","@id":"https:\/\/vm-bioinfo-wp.toulouse.inrae.fr\/genotoul_test_update\/#\/schema\/logo\/image\/","url":"","contentUrl":"","caption":"genotoul-bioinfo-UPDATE"},"image":{"@id":"https:\/\/vm-bioinfo-wp.toulouse.inrae.fr\/genotoul_test_update\/#\/schema\/logo\/image\/"}}]}},"_links":{"self":[{"href":"https:\/\/vm-bioinfo-wp.toulouse.inrae.fr\/genotoul_test_update\/index.php\/wp-json\/wp\/v2\/pages\/224"}],"collection":[{"href":"https:\/\/vm-bioinfo-wp.toulouse.inrae.fr\/genotoul_test_update\/index.php\/wp-json\/wp\/v2\/pages"}],"about":[{"href":"https:\/\/vm-bioinfo-wp.toulouse.inrae.fr\/genotoul_test_update\/index.php\/wp-json\/wp\/v2\/types\/page"}],"author":[{"embeddable":true,"href":"https:\/\/vm-bioinfo-wp.toulouse.inrae.fr\/genotoul_test_update\/index.php\/wp-json\/wp\/v2\/users\/2"}],"replies":[{"embeddable":true,"href":"https:\/\/vm-bioinfo-wp.toulouse.inrae.fr\/genotoul_test_update\/index.php\/wp-json\/wp\/v2\/comments?post=224"}],"version-history":[{"count":21,"href":"https:\/\/vm-bioinfo-wp.toulouse.inrae.fr\/genotoul_test_update\/index.php\/wp-json\/wp\/v2\/pages\/224\/revisions"}],"predecessor-version":[{"id":24721,"href":"https:\/\/vm-bioinfo-wp.toulouse.inrae.fr\/genotoul_test_update\/index.php\/wp-json\/wp\/v2\/pages\/224\/revisions\/24721"}],"up":[{"embeddable":true,"href":"https:\/\/vm-bioinfo-wp.toulouse.inrae.fr\/genotoul_test_update\/index.php\/wp-json\/wp\/v2\/pages\/19"}],"wp:attachment":[{"href":"https:\/\/vm-bioinfo-wp.toulouse.inrae.fr\/genotoul_test_update\/index.php\/wp-json\/wp\/v2\/media?parent=224"}],"curies":[{"name":"wp","href":"https:\/\/api.w.org\/{rel}","templated":true}]}}