{"id":1652,"date":"2016-09-23T16:48:02","date_gmt":"2016-09-23T14:48:02","guid":{"rendered":"http:\/\/vm-bioinfo-wp.toulouse.inra.fr\/?page_id=1652"},"modified":"2022-03-15T10:12:29","modified_gmt":"2022-03-15T09:12:29","slug":"committees","status":"publish","type":"page","link":"https:\/\/vm-bioinfo-wp.toulouse.inrae.fr\/genotoul_test_update\/index.php\/about-us\/committees\/","title":{"rendered":"Committees"},"content":{"rendered":"<p style=\"text-align: left;\">User committee:<\/p>\n\n<table id=\"tablepress-1\" class=\"tablepress tablepress-id-1\">\n<tbody>\n<tr class=\"row-1 odd\">\n\t<td class=\"column-1\">Anne-Sophie <br \/>\nBenoiston <\/td><td class=\"column-2\">CNRS-UPS (UMR 5174)-IRD (UMR 253), Laboratoire Evolution et Diversit\u00e9 Biologique<br \/>\nToulouse<\/td><td class=\"column-3\">Anne-Sophie.Benoiston(at)univ-tlse3.fr<\/td>\n<\/tr>\n<tr class=\"row-2 even\">\n\t<td class=\"column-1\">S\u00e9bastien <br \/>\nCarr\u00e8re<\/td><td class=\"column-2\">LIPME, CNRS UMR2594 - INRAE UMR441 <br \/>\nAuzeville<\/td><td class=\"column-3\">Sebastien.Carrere(at)inrae.fr<\/td>\n<\/tr>\n<tr class=\"row-3 odd\">\n\t<td class=\"column-1\">Guillaume <br \/>\nCroville <\/td><td class=\"column-2\">INRAE-ENVT (UMR 1225)<br \/>\nLaboratoire Interactions H\u00f4tes-Agents Pathog\u00e8nes<br \/>\nToulouse<\/td><td class=\"column-3\">Guillaume.Croville(at)envt.fr<\/td>\n<\/tr>\n<tr class=\"row-4 even\">\n\t<td class=\"column-1\">Guillaume <br \/>\nDevailly<\/td><td class=\"column-2\">GenPhySE, INRAE <br \/>\nAuzeville<\/td><td class=\"column-3\">Guillaume.Devailly(at)inrae.fr<\/td>\n<\/tr>\n<tr class=\"row-5 odd\">\n\t<td class=\"column-1\">Sarah <br \/>\nDjebali<\/td><td class=\"column-2\">IRSD INSERM U1220<br \/>\nToulouse<\/td><td class=\"column-3\">Sarah.Djebali(at)inserm.fr<\/td>\n<\/tr>\n<tr class=\"row-6 even\">\n\t<td class=\"column-1\">Claire <br \/>\nKuchly<\/td><td class=\"column-2\">PF S\u00e9quen\u00e7age &amp; G\u00e9notypage<br \/>\nAuzeville<\/td><td class=\"column-3\">Claire.Kuchly(at)inrae.fr<\/td>\n<\/tr>\n<tr class=\"row-7 odd\">\n\t<td class=\"column-1\">St\u00e9phane <br \/>\nParis<\/td><td class=\"column-2\">DSI INRAE <br \/>\nAuzeville<\/td><td class=\"column-3\">Stephane.Paris(at)inrae.fr<\/td>\n<\/tr>\n<tr class=\"row-8 even\">\n\t<td class=\"column-1\">St\u00e9phane <br \/>\nSchaak<\/td><td class=\"column-2\">CNRS-UPS (UMR 5077), Unit\u00e9 de biologie mol\u00e9culaire, cellulaire et du d\u00e9veloppement<br \/>\nToulouse<\/td><td class=\"column-3\">stephane.schaak(at)inserm.fr<\/td>\n<\/tr>\n<tr class=\"row-9 odd\">\n\t<td class=\"column-1\">Florence <br \/>\nServant<\/td><td class=\"column-2\">VAIOMER <br \/>\nLab\u00e8ges<\/td><td class=\"column-3\">Florence.Servant(at)vaiomer.com<\/td>\n<\/tr>\n<\/tbody>\n<\/table>\n<!-- #tablepress-1 from cache -->\n","protected":false},"excerpt":{"rendered":"<p>User committee:<\/p>\n","protected":false},"author":2,"featured_media":0,"parent":16,"menu_order":0,"comment_status":"closed","ping_status":"closed","template":"page-templates\/child-menu.php","meta":[],"yoast_head":"<!-- This site is optimized with the Yoast SEO plugin v20.2 - https:\/\/yoast.com\/wordpress\/plugins\/seo\/ -->\n<title>Committees - genotoul-bioinfo-UPDATE<\/title>\n<meta name=\"robots\" content=\"index, follow, max-snippet:-1, max-image-preview:large, max-video-preview:-1\" \/>\n<link rel=\"canonical\" href=\"https:\/\/vm-bioinfo-wp.toulouse.inrae.fr\/genotoul_test_update\/index.php\/about-us\/committees\/\" \/>\n<script type=\"application\/ld+json\" class=\"yoast-schema-graph\">{\"@context\":\"https:\/\/schema.org\",\"@graph\":[{\"@type\":\"WebPage\",\"@id\":\"https:\/\/vm-bioinfo-wp.toulouse.inrae.fr\/genotoul_test_update\/index.php\/about-us\/committees\/\",\"url\":\"https:\/\/vm-bioinfo-wp.toulouse.inrae.fr\/genotoul_test_update\/index.php\/about-us\/committees\/\",\"name\":\"Committees - genotoul-bioinfo-UPDATE\",\"isPartOf\":{\"@id\":\"https:\/\/vm-bioinfo-wp.toulouse.inrae.fr\/genotoul_test_update\/#website\"},\"datePublished\":\"2016-09-23T14:48:02+00:00\",\"dateModified\":\"2022-03-15T09:12:29+00:00\",\"breadcrumb\":{\"@id\":\"https:\/\/vm-bioinfo-wp.toulouse.inrae.fr\/genotoul_test_update\/index.php\/about-us\/committees\/#breadcrumb\"},\"inLanguage\":\"en-US\",\"potentialAction\":[{\"@type\":\"ReadAction\",\"target\":[\"https:\/\/vm-bioinfo-wp.toulouse.inrae.fr\/genotoul_test_update\/index.php\/about-us\/committees\/\"]}]},{\"@type\":\"BreadcrumbList\",\"@id\":\"https:\/\/vm-bioinfo-wp.toulouse.inrae.fr\/genotoul_test_update\/index.php\/about-us\/committees\/#breadcrumb\",\"itemListElement\":[{\"@type\":\"ListItem\",\"position\":1,\"name\":\"Home\",\"item\":\"https:\/\/vm-bioinfo-wp.toulouse.inrae.fr\/genotoul_test_update\/\"},{\"@type\":\"ListItem\",\"position\":2,\"name\":\"About us\",\"item\":\"https:\/\/vm-bioinfo-wp.toulouse.inrae.fr\/genotoul_test_update\/index.php\/about-us\/\"},{\"@type\":\"ListItem\",\"position\":3,\"name\":\"Committees\"}]},{\"@type\":\"WebSite\",\"@id\":\"https:\/\/vm-bioinfo-wp.toulouse.inrae.fr\/genotoul_test_update\/#website\",\"url\":\"https:\/\/vm-bioinfo-wp.toulouse.inrae.fr\/genotoul_test_update\/\",\"name\":\"genotoul-bioinfo-UPDATE\",\"description\":\"\",\"publisher\":{\"@id\":\"https:\/\/vm-bioinfo-wp.toulouse.inrae.fr\/genotoul_test_update\/#organization\"},\"potentialAction\":[{\"@type\":\"SearchAction\",\"target\":{\"@type\":\"EntryPoint\",\"urlTemplate\":\"https:\/\/vm-bioinfo-wp.toulouse.inrae.fr\/genotoul_test_update\/?s={search_term_string}\"},\"query-input\":\"required name=search_term_string\"}],\"inLanguage\":\"en-US\"},{\"@type\":\"Organization\",\"@id\":\"https:\/\/vm-bioinfo-wp.toulouse.inrae.fr\/genotoul_test_update\/#organization\",\"name\":\"genotoul-bioinfo-UPDATE\",\"url\":\"https:\/\/vm-bioinfo-wp.toulouse.inrae.fr\/genotoul_test_update\/\",\"logo\":{\"@type\":\"ImageObject\",\"inLanguage\":\"en-US\",\"@id\":\"https:\/\/vm-bioinfo-wp.toulouse.inrae.fr\/genotoul_test_update\/#\/schema\/logo\/image\/\",\"url\":\"\",\"contentUrl\":\"\",\"caption\":\"genotoul-bioinfo-UPDATE\"},\"image\":{\"@id\":\"https:\/\/vm-bioinfo-wp.toulouse.inrae.fr\/genotoul_test_update\/#\/schema\/logo\/image\/\"}}]}<\/script>\n<!-- \/ Yoast SEO plugin. -->","yoast_head_json":{"title":"Committees - genotoul-bioinfo-UPDATE","robots":{"index":"index","follow":"follow","max-snippet":"max-snippet:-1","max-image-preview":"max-image-preview:large","max-video-preview":"max-video-preview:-1"},"canonical":"https:\/\/vm-bioinfo-wp.toulouse.inrae.fr\/genotoul_test_update\/index.php\/about-us\/committees\/","schema":{"@context":"https:\/\/schema.org","@graph":[{"@type":"WebPage","@id":"https:\/\/vm-bioinfo-wp.toulouse.inrae.fr\/genotoul_test_update\/index.php\/about-us\/committees\/","url":"https:\/\/vm-bioinfo-wp.toulouse.inrae.fr\/genotoul_test_update\/index.php\/about-us\/committees\/","name":"Committees - genotoul-bioinfo-UPDATE","isPartOf":{"@id":"https:\/\/vm-bioinfo-wp.toulouse.inrae.fr\/genotoul_test_update\/#website"},"datePublished":"2016-09-23T14:48:02+00:00","dateModified":"2022-03-15T09:12:29+00:00","breadcrumb":{"@id":"https:\/\/vm-bioinfo-wp.toulouse.inrae.fr\/genotoul_test_update\/index.php\/about-us\/committees\/#breadcrumb"},"inLanguage":"en-US","potentialAction":[{"@type":"ReadAction","target":["https:\/\/vm-bioinfo-wp.toulouse.inrae.fr\/genotoul_test_update\/index.php\/about-us\/committees\/"]}]},{"@type":"BreadcrumbList","@id":"https:\/\/vm-bioinfo-wp.toulouse.inrae.fr\/genotoul_test_update\/index.php\/about-us\/committees\/#breadcrumb","itemListElement":[{"@type":"ListItem","position":1,"name":"Home","item":"https:\/\/vm-bioinfo-wp.toulouse.inrae.fr\/genotoul_test_update\/"},{"@type":"ListItem","position":2,"name":"About us","item":"https:\/\/vm-bioinfo-wp.toulouse.inrae.fr\/genotoul_test_update\/index.php\/about-us\/"},{"@type":"ListItem","position":3,"name":"Committees"}]},{"@type":"WebSite","@id":"https:\/\/vm-bioinfo-wp.toulouse.inrae.fr\/genotoul_test_update\/#website","url":"https:\/\/vm-bioinfo-wp.toulouse.inrae.fr\/genotoul_test_update\/","name":"genotoul-bioinfo-UPDATE","description":"","publisher":{"@id":"https:\/\/vm-bioinfo-wp.toulouse.inrae.fr\/genotoul_test_update\/#organization"},"potentialAction":[{"@type":"SearchAction","target":{"@type":"EntryPoint","urlTemplate":"https:\/\/vm-bioinfo-wp.toulouse.inrae.fr\/genotoul_test_update\/?s={search_term_string}"},"query-input":"required name=search_term_string"}],"inLanguage":"en-US"},{"@type":"Organization","@id":"https:\/\/vm-bioinfo-wp.toulouse.inrae.fr\/genotoul_test_update\/#organization","name":"genotoul-bioinfo-UPDATE","url":"https:\/\/vm-bioinfo-wp.toulouse.inrae.fr\/genotoul_test_update\/","logo":{"@type":"ImageObject","inLanguage":"en-US","@id":"https:\/\/vm-bioinfo-wp.toulouse.inrae.fr\/genotoul_test_update\/#\/schema\/logo\/image\/","url":"","contentUrl":"","caption":"genotoul-bioinfo-UPDATE"},"image":{"@id":"https:\/\/vm-bioinfo-wp.toulouse.inrae.fr\/genotoul_test_update\/#\/schema\/logo\/image\/"}}]}},"_links":{"self":[{"href":"https:\/\/vm-bioinfo-wp.toulouse.inrae.fr\/genotoul_test_update\/index.php\/wp-json\/wp\/v2\/pages\/1652"}],"collection":[{"href":"https:\/\/vm-bioinfo-wp.toulouse.inrae.fr\/genotoul_test_update\/index.php\/wp-json\/wp\/v2\/pages"}],"about":[{"href":"https:\/\/vm-bioinfo-wp.toulouse.inrae.fr\/genotoul_test_update\/index.php\/wp-json\/wp\/v2\/types\/page"}],"author":[{"embeddable":true,"href":"https:\/\/vm-bioinfo-wp.toulouse.inrae.fr\/genotoul_test_update\/index.php\/wp-json\/wp\/v2\/users\/2"}],"replies":[{"embeddable":true,"href":"https:\/\/vm-bioinfo-wp.toulouse.inrae.fr\/genotoul_test_update\/index.php\/wp-json\/wp\/v2\/comments?post=1652"}],"version-history":[{"count":3,"href":"https:\/\/vm-bioinfo-wp.toulouse.inrae.fr\/genotoul_test_update\/index.php\/wp-json\/wp\/v2\/pages\/1652\/revisions"}],"predecessor-version":[{"id":19198,"href":"https:\/\/vm-bioinfo-wp.toulouse.inrae.fr\/genotoul_test_update\/index.php\/wp-json\/wp\/v2\/pages\/1652\/revisions\/19198"}],"up":[{"embeddable":true,"href":"https:\/\/vm-bioinfo-wp.toulouse.inrae.fr\/genotoul_test_update\/index.php\/wp-json\/wp\/v2\/pages\/16"}],"wp:attachment":[{"href":"https:\/\/vm-bioinfo-wp.toulouse.inrae.fr\/genotoul_test_update\/index.php\/wp-json\/wp\/v2\/media?parent=1652"}],"curies":[{"name":"wp","href":"https:\/\/api.w.org\/{rel}","templated":true}]}}